{"id":1361394,"date":"2024-08-27T12:35:29","date_gmt":"2024-08-27T09:35:29","guid":{"rendered":"https:\/\/games.tactic.net\/tuote\/cat-wheel-loader-toy\/"},"modified":"2024-08-27T12:35:29","modified_gmt":"2024-08-27T09:35:29","slug":"cat-wheel-loader-toy","status":"publish","type":"product","link":"https:\/\/games.tactic.net\/no\/tuote\/cat-wheel-loader-toy\/","title":{"rendered":"CAT Wheel loader toy"},"content":{"rendered":"<p>Den kompakte CAT hjullasteren fra Bruder kommer med realistiske detaljer og et praktisk h\u00e5ndtak slik at barnet enkelt kan man\u00f8vrere skuffen og lastearmen. Skuffen er avtakbar og hjullasteren kan kompletteres med andre hjullastertilbeh\u00f8r i skala 1:16. F\u00f8rerhytten rommer en figur (selges separat) og dette allsidige leket\u00f8yskj\u00f8ret\u00f8yet bidrar til timevis med realistisk og morsom lek for barn fra 3 \u00e5r.<\/p>\n","protected":false},"excerpt":{"rendered":"<p>Den kompakte CAT hjullasteren fra Bruder kommer med realistiske detaljer og et praktisk h\u00e5ndtak slik at barnet enkelt kan man\u00f8vrere skuffen og lastearmen. Skuffen er avtakbar og hjullasteren kan kompletteres med andre hjullastertilbeh\u00f8r i skala 1:16. F\u00f8rerhytten rommer en figur (selges separat) og dette allsidige leket\u00f8yskj\u00f8ret\u00f8yet bidrar til timevis med realistisk og morsom lek for [&hellip;]<\/p>\n","protected":false},"featured_media":0,"template":"","meta":{"content-type":"","_monsterinsights_skip_tracking":false,"_monsterinsights_sitenote_active":false,"_monsterinsights_sitenote_note":"","_monsterinsights_sitenote_category":0},"product_brand":[],"product_cat":[1705],"product_tag":[],"brand":[],"target-group":[],"discontinued":[],"class_list":{"0":"post-1361394","1":"product","2":"type-product","3":"status-publish","5":"product_cat-bruder-leker","7":"first","8":"instock","9":"taxable","10":"shipping-taxable","11":"product-type-simple"},"aioseo_notices":[],"_links":{"self":[{"href":"https:\/\/games.tactic.net\/no\/wp-json\/wp\/v2\/product\/1361394","targetHints":{"allow":["GET"]}}],"collection":[{"href":"https:\/\/games.tactic.net\/no\/wp-json\/wp\/v2\/product"}],"about":[{"href":"https:\/\/games.tactic.net\/no\/wp-json\/wp\/v2\/types\/product"}],"wp:attachment":[{"href":"https:\/\/games.tactic.net\/no\/wp-json\/wp\/v2\/media?parent=1361394"}],"wp:term":[{"taxonomy":"product_brand","embeddable":true,"href":"https:\/\/games.tactic.net\/no\/wp-json\/wp\/v2\/product_brand?post=1361394"},{"taxonomy":"product_cat","embeddable":true,"href":"https:\/\/games.tactic.net\/no\/wp-json\/wp\/v2\/product_cat?post=1361394"},{"taxonomy":"product_tag","embeddable":true,"href":"https:\/\/games.tactic.net\/no\/wp-json\/wp\/v2\/product_tag?post=1361394"},{"taxonomy":"brand","embeddable":true,"href":"https:\/\/games.tactic.net\/no\/wp-json\/wp\/v2\/brand?post=1361394"},{"taxonomy":"target-group","embeddable":true,"href":"https:\/\/games.tactic.net\/no\/wp-json\/wp\/v2\/target-group?post=1361394"},{"taxonomy":"discontinued","embeddable":true,"href":"https:\/\/games.tactic.net\/no\/wp-json\/wp\/v2\/discontinued?post=1361394"}],"curies":[{"name":"wp","href":"https:\/\/api.w.org\/{rel}","templated":true}]}}