{"id":1361393,"date":"2024-08-27T12:09:22","date_gmt":"2024-08-27T09:09:22","guid":{"rendered":"https:\/\/games.tactic.net\/tuote\/ludo-original\/"},"modified":"2024-09-06T10:06:56","modified_gmt":"2024-09-06T07:06:56","slug":"ludo-original","status":"publish","type":"product","link":"https:\/\/games.tactic.net\/no\/tuote\/ludo-original\/","title":{"rendered":"Ludo original"},"content":{"rendered":"<p>I Ludo spiller hver spiller med fire brikker som skal flyttes rundt spillbrettet fra start til m\u00e5l. For \u00e5 f\u00e5 en brikke i spill m\u00e5 du sl\u00e5 enten en ener eller en sekser p\u00e5 terningen. N\u00e5r brikkene dine er i spill, flytter du dem etter antallet prikker p\u00e5 terningen. Hvis brikken din lander p\u00e5 en motspillers brikke, sendes den tilbake til start. M\u00e5let er \u00e5 f\u00e5 alle brikkene dine i m\u00e5l f\u00f8r de andre spillerne. Klarer du det, vinner du!<\/p>\n","protected":false},"excerpt":{"rendered":"<p>Vad er vel mer klassisk enn et tradisjonelt Ludo-spill?<\/p>\n<p>Ludo er et tidl\u00f8st spill som kombinerer b\u00e5de strategi og flaks, perfekt for hele familien! M\u00e5let er \u00e5 f\u00e5 alle dine fire brikker rundt spillebrettet og inn i m\u00e5l, samtidig som du pr\u00f8ver \u00e5 hindre dine medspillere ved \u00e5 sl\u00e5 dem tilbake til start. Vil du spille med knuffing eller uten? Det er opp til dere! Enten dere spiller vennlig eller konkurransepreget, er Ludo alltid en sikker vinner for morsomme stunder sammen.<\/p>\n","protected":false},"featured_media":0,"template":"","meta":{"content-type":"","_monsterinsights_skip_tracking":false,"_monsterinsights_sitenote_active":false,"_monsterinsights_sitenote_note":"","_monsterinsights_sitenote_category":0},"product_brand":[],"product_cat":[1649],"product_tag":[1003,1239],"brand":[],"target-group":[],"discontinued":[],"class_list":{"0":"post-1361393","1":"product","2":"type-product","3":"status-publish","5":"product_cat-barnespill-barnespill","6":"product_tag-hell","7":"product_tag-strategi-no","9":"first","10":"instock","11":"taxable","12":"shipping-taxable","13":"product-type-simple"},"aioseo_notices":[],"_links":{"self":[{"href":"https:\/\/games.tactic.net\/no\/wp-json\/wp\/v2\/product\/1361393","targetHints":{"allow":["GET"]}}],"collection":[{"href":"https:\/\/games.tactic.net\/no\/wp-json\/wp\/v2\/product"}],"about":[{"href":"https:\/\/games.tactic.net\/no\/wp-json\/wp\/v2\/types\/product"}],"wp:attachment":[{"href":"https:\/\/games.tactic.net\/no\/wp-json\/wp\/v2\/media?parent=1361393"}],"wp:term":[{"taxonomy":"product_brand","embeddable":true,"href":"https:\/\/games.tactic.net\/no\/wp-json\/wp\/v2\/product_brand?post=1361393"},{"taxonomy":"product_cat","embeddable":true,"href":"https:\/\/games.tactic.net\/no\/wp-json\/wp\/v2\/product_cat?post=1361393"},{"taxonomy":"product_tag","embeddable":true,"href":"https:\/\/games.tactic.net\/no\/wp-json\/wp\/v2\/product_tag?post=1361393"},{"taxonomy":"brand","embeddable":true,"href":"https:\/\/games.tactic.net\/no\/wp-json\/wp\/v2\/brand?post=1361393"},{"taxonomy":"target-group","embeddable":true,"href":"https:\/\/games.tactic.net\/no\/wp-json\/wp\/v2\/target-group?post=1361393"},{"taxonomy":"discontinued","embeddable":true,"href":"https:\/\/games.tactic.net\/no\/wp-json\/wp\/v2\/discontinued?post=1361393"}],"curies":[{"name":"wp","href":"https:\/\/api.w.org\/{rel}","templated":true}]}}