{"id":1361267,"date":"2024-08-20T11:09:38","date_gmt":"2024-08-20T08:09:38","guid":{"rendered":"https:\/\/games.tactic.net\/tuote\/puzzle-lovers-vintage-posters-soccer-championship-1000-pcs-puzzle\/"},"modified":"2024-08-20T11:09:38","modified_gmt":"2024-08-20T08:09:38","slug":"puzzle-lovers-vintage-posters-soccer-championship-1000-pcs-puzzle","status":"publish","type":"product","link":"https:\/\/games.tactic.net\/no\/tuote\/puzzle-lovers-vintage-posters-soccer-championship-1000-pcs-puzzle\/","title":{"rendered":"Puzzle Lovers Vintage Posters Soccer Championship 1000 pcs puzzle"},"content":{"rendered":"<p>Puzzle Lovers 1000 er en rekke utfordrende puslespill for b\u00e5de ivrige nybegynnere og ekte puslespillelskere. Hvert puslespill best\u00e5r av 1000 h\u00f8ykvalitetsbrikker.<\/p>\n<p>Puzzle Lovers har noe for enhver puslespillentusiast. Fra pusleglade hobbyister til ivrige nybegynnere og barn. Puslespillene av h\u00f8y kvalitet inneholder nydelige landskap, fascinerende steder fra hele verden, mektige dyr, spesielle nordiske og sesongmessige temaer og mye mer.<\/p>\n","protected":false},"excerpt":{"rendered":"<p>67 x 48 cm.<\/p>\n","protected":false},"featured_media":0,"template":"","meta":{"content-type":"","_monsterinsights_skip_tracking":false,"_monsterinsights_sitenote_active":false,"_monsterinsights_sitenote_note":"","_monsterinsights_sitenote_category":0},"product_brand":[],"product_cat":[922],"product_tag":[],"brand":[],"target-group":[],"discontinued":[],"class_list":{"0":"post-1361267","1":"product","2":"type-product","3":"status-publish","5":"product_cat-1000-brikker","7":"first","8":"instock","9":"taxable","10":"shipping-taxable","11":"product-type-simple"},"aioseo_notices":[],"_links":{"self":[{"href":"https:\/\/games.tactic.net\/no\/wp-json\/wp\/v2\/product\/1361267","targetHints":{"allow":["GET"]}}],"collection":[{"href":"https:\/\/games.tactic.net\/no\/wp-json\/wp\/v2\/product"}],"about":[{"href":"https:\/\/games.tactic.net\/no\/wp-json\/wp\/v2\/types\/product"}],"wp:attachment":[{"href":"https:\/\/games.tactic.net\/no\/wp-json\/wp\/v2\/media?parent=1361267"}],"wp:term":[{"taxonomy":"product_brand","embeddable":true,"href":"https:\/\/games.tactic.net\/no\/wp-json\/wp\/v2\/product_brand?post=1361267"},{"taxonomy":"product_cat","embeddable":true,"href":"https:\/\/games.tactic.net\/no\/wp-json\/wp\/v2\/product_cat?post=1361267"},{"taxonomy":"product_tag","embeddable":true,"href":"https:\/\/games.tactic.net\/no\/wp-json\/wp\/v2\/product_tag?post=1361267"},{"taxonomy":"brand","embeddable":true,"href":"https:\/\/games.tactic.net\/no\/wp-json\/wp\/v2\/brand?post=1361267"},{"taxonomy":"target-group","embeddable":true,"href":"https:\/\/games.tactic.net\/no\/wp-json\/wp\/v2\/target-group?post=1361267"},{"taxonomy":"discontinued","embeddable":true,"href":"https:\/\/games.tactic.net\/no\/wp-json\/wp\/v2\/discontinued?post=1361267"}],"curies":[{"name":"wp","href":"https:\/\/api.w.org\/{rel}","templated":true}]}}