{"id":1361190,"date":"2024-08-06T16:21:37","date_gmt":"2024-08-06T13:21:37","guid":{"rendered":"https:\/\/games.tactic.net\/tuote\/iq-gears\/"},"modified":"2025-01-21T10:17:51","modified_gmt":"2025-01-21T08:17:51","slug":"iq-gears","status":"archive","type":"product","link":"https:\/\/games.tactic.net\/no\/tuote\/iq-gears\/","title":{"rendered":"IQ Gears"},"content":{"rendered":"<p>Dette IQ-spillet vil sette hjernen i h\u00f8ygir! Kan du sette brikkene med tannhjul riktig sammen? Dersom du har riktig l\u00f8sning, vil de store tannhjulene p\u00e5 spillesken g\u00e5 rundt. 120 utfordringer fra nybegynner til ekspert.<\/p>\n<p>Smart Games er en rekke smarte og morsomme spill for spillere i alle aldre. Utvalget inkluderer sm\u00e5 IQ-spill, logikkspill og mer. Hvert smarte spill har en utfordring du kan takle.<\/p>\n","protected":false},"excerpt":{"rendered":"<p>Sett hjernen din p\u00e5 pr\u00f8ve med IQ Gears, hjernepuslespillet som vil f\u00e5 deg til \u00e5 tenke i h\u00f8ygir! Utfordringen er enkel: F\u00e5 alle tannhjulene p\u00e5 spillebrettet til \u00e5 passe sammen. N\u00e5r du finner den riktige l\u00f8sningen, kobles tannhjulene sammen, og de store hjulene p\u00e5 sidene spinner sammen i harmoni!<\/p>\n","protected":false},"featured_media":0,"template":"","meta":{"content-type":"","_monsterinsights_skip_tracking":false,"_monsterinsights_sitenote_active":false,"_monsterinsights_sitenote_note":"","_monsterinsights_sitenote_category":0},"product_brand":[],"product_cat":[1607,1456],"product_tag":[],"brand":[],"target-group":[],"discontinued":[],"class_list":{"0":"post-1361190","1":"product","2":"type-product","3":"status-archive","5":"product_cat-barnespill","6":"product_cat-strategispill-familiespill","8":"first","9":"instock","10":"taxable","11":"shipping-taxable","12":"product-type-simple"},"aioseo_notices":[],"_links":{"self":[{"href":"https:\/\/games.tactic.net\/no\/wp-json\/wp\/v2\/product\/1361190","targetHints":{"allow":["GET"]}}],"collection":[{"href":"https:\/\/games.tactic.net\/no\/wp-json\/wp\/v2\/product"}],"about":[{"href":"https:\/\/games.tactic.net\/no\/wp-json\/wp\/v2\/types\/product"}],"wp:attachment":[{"href":"https:\/\/games.tactic.net\/no\/wp-json\/wp\/v2\/media?parent=1361190"}],"wp:term":[{"taxonomy":"product_brand","embeddable":true,"href":"https:\/\/games.tactic.net\/no\/wp-json\/wp\/v2\/product_brand?post=1361190"},{"taxonomy":"product_cat","embeddable":true,"href":"https:\/\/games.tactic.net\/no\/wp-json\/wp\/v2\/product_cat?post=1361190"},{"taxonomy":"product_tag","embeddable":true,"href":"https:\/\/games.tactic.net\/no\/wp-json\/wp\/v2\/product_tag?post=1361190"},{"taxonomy":"brand","embeddable":true,"href":"https:\/\/games.tactic.net\/no\/wp-json\/wp\/v2\/brand?post=1361190"},{"taxonomy":"target-group","embeddable":true,"href":"https:\/\/games.tactic.net\/no\/wp-json\/wp\/v2\/target-group?post=1361190"},{"taxonomy":"discontinued","embeddable":true,"href":"https:\/\/games.tactic.net\/no\/wp-json\/wp\/v2\/discontinued?post=1361190"}],"curies":[{"name":"wp","href":"https:\/\/api.w.org\/{rel}","templated":true}]}}