{"id":1361185,"date":"2024-08-06T11:45:32","date_gmt":"2024-08-06T08:45:32","guid":{"rendered":"https:\/\/games.tactic.net\/tuote\/easy-peasy-lemon-squeaky\/"},"modified":"2024-09-04T13:59:08","modified_gmt":"2024-09-04T10:59:08","slug":"easy-peasy-lemon-squeaky","status":"publish","type":"product","link":"https:\/\/games.tactic.net\/no\/tuote\/easy-peasy-lemon-squeaky\/","title":{"rendered":"Easy Peasy Lemon Squeaky"},"content":{"rendered":"<p>Ikke v\u00e6r en sur taper! Spill med venner, og ta tak i sitronen hvis du tror du har det som trengs for \u00e5 vinne i dette festspillet med en konkurransemessig vri. Skvis sitronen, fullf\u00f8r oppgaven, og skvis den igjen! Samle brikker til en hel sitronskive og vinn spillet!<\/p>\n<p>Dette produktet er laget i Finland, p\u00e5 Tactic Games sin egen ansvarlige fabrikk. V\u00e5r egen produksjon sikrer sporbarhet av alle materialer, og vi ble tildelt FSC-sertifikatet i 2021. Vi f\u00f8lger ogs\u00e5 n\u00f8ye med p\u00e5 karbonavtrykket v\u00e5rt.<\/p>\n","protected":false},"excerpt":{"rendered":"<p>Selskapsspillet med en twist og en pipende sitron! Huk tak i noen venner, og s\u00e5 grip sitronen hvis du tror du har det som kreves for \u00e5 vinne i dette selskapsspillet med en twist. Inneholder ekte humor!<\/p>\n","protected":false},"featured_media":0,"template":"","meta":{"content-type":"","_monsterinsights_skip_tracking":false,"_monsterinsights_sitenote_active":false,"_monsterinsights_sitenote_note":"","_monsterinsights_sitenote_category":0},"product_brand":[],"product_cat":[1662],"product_tag":[307,318,1003,969],"brand":[],"target-group":[],"discontinued":[],"class_list":{"0":"post-1361185","1":"product","2":"type-product","3":"status-publish","5":"product_cat-partyspill","6":"product_tag-funksjon","7":"product_tag-hastighet","8":"product_tag-hell","9":"product_tag-tidsfordriv-2","11":"first","12":"instock","13":"taxable","14":"shipping-taxable","15":"product-type-simple"},"aioseo_notices":[],"_links":{"self":[{"href":"https:\/\/games.tactic.net\/no\/wp-json\/wp\/v2\/product\/1361185","targetHints":{"allow":["GET"]}}],"collection":[{"href":"https:\/\/games.tactic.net\/no\/wp-json\/wp\/v2\/product"}],"about":[{"href":"https:\/\/games.tactic.net\/no\/wp-json\/wp\/v2\/types\/product"}],"wp:attachment":[{"href":"https:\/\/games.tactic.net\/no\/wp-json\/wp\/v2\/media?parent=1361185"}],"wp:term":[{"taxonomy":"product_brand","embeddable":true,"href":"https:\/\/games.tactic.net\/no\/wp-json\/wp\/v2\/product_brand?post=1361185"},{"taxonomy":"product_cat","embeddable":true,"href":"https:\/\/games.tactic.net\/no\/wp-json\/wp\/v2\/product_cat?post=1361185"},{"taxonomy":"product_tag","embeddable":true,"href":"https:\/\/games.tactic.net\/no\/wp-json\/wp\/v2\/product_tag?post=1361185"},{"taxonomy":"brand","embeddable":true,"href":"https:\/\/games.tactic.net\/no\/wp-json\/wp\/v2\/brand?post=1361185"},{"taxonomy":"target-group","embeddable":true,"href":"https:\/\/games.tactic.net\/no\/wp-json\/wp\/v2\/target-group?post=1361185"},{"taxonomy":"discontinued","embeddable":true,"href":"https:\/\/games.tactic.net\/no\/wp-json\/wp\/v2\/discontinued?post=1361185"}],"curies":[{"name":"wp","href":"https:\/\/api.w.org\/{rel}","templated":true}]}}