{"id":1361184,"date":"2024-08-06T11:42:25","date_gmt":"2024-08-06T08:42:25","guid":{"rendered":"https:\/\/games.tactic.net\/tuote\/wanna-bet-jackpot\/"},"modified":"2024-10-31T14:30:49","modified_gmt":"2024-10-31T12:30:49","slug":"wanna-bet-jackpot","status":"publish","type":"product","link":"https:\/\/games.tactic.net\/no\/tuote\/wanna-bet-jackpot\/","title":{"rendered":"Vil du vedde? Jackpot"},"content":{"rendered":"<p>\u00abVil du vedde\u00bb som du kjenner det, men med et nytt Jackpot-element som gj\u00f8r at du kan vinne masse penger! Spillerne f\u00e5r en ny partner i hver runde og oppgavene l\u00f8ses sammen. De andre spillerne vedder som f\u00f8r. Satset du feil, g\u00e5r pengene i potten.<\/p>\n","protected":false},"excerpt":{"rendered":"<p>Spill sammen og vinn mer enn noen gang! Innsatsen er h\u00f8yere enn noensinne, men det er ogs\u00e5 bel\u00f8nningen. Du er avhengig av dine egne og partnerens ferdigheter og kl\u00f8kt for \u00e5 klare de spennende utfordringene. Sats spillepenger p\u00e5 motspillernes suksess, og pr\u00f8v \u00e5 vinne den store jackpoten. Den store premien venter!<\/p>\n","protected":false},"featured_media":0,"template":"","meta":{"content-type":"","_monsterinsights_skip_tracking":false,"_monsterinsights_sitenote_active":false,"_monsterinsights_sitenote_note":"","_monsterinsights_sitenote_category":0},"product_brand":[],"product_cat":[364],"product_tag":[1267],"brand":[],"target-group":[],"discontinued":[],"class_list":{"0":"post-1361184","1":"product","2":"type-product","3":"status-publish","5":"product_cat-familiespill","6":"product_tag-sammen-no","8":"first","9":"instock","10":"taxable","11":"shipping-taxable","12":"product-type-simple"},"aioseo_notices":[],"_links":{"self":[{"href":"https:\/\/games.tactic.net\/no\/wp-json\/wp\/v2\/product\/1361184","targetHints":{"allow":["GET"]}}],"collection":[{"href":"https:\/\/games.tactic.net\/no\/wp-json\/wp\/v2\/product"}],"about":[{"href":"https:\/\/games.tactic.net\/no\/wp-json\/wp\/v2\/types\/product"}],"wp:attachment":[{"href":"https:\/\/games.tactic.net\/no\/wp-json\/wp\/v2\/media?parent=1361184"}],"wp:term":[{"taxonomy":"product_brand","embeddable":true,"href":"https:\/\/games.tactic.net\/no\/wp-json\/wp\/v2\/product_brand?post=1361184"},{"taxonomy":"product_cat","embeddable":true,"href":"https:\/\/games.tactic.net\/no\/wp-json\/wp\/v2\/product_cat?post=1361184"},{"taxonomy":"product_tag","embeddable":true,"href":"https:\/\/games.tactic.net\/no\/wp-json\/wp\/v2\/product_tag?post=1361184"},{"taxonomy":"brand","embeddable":true,"href":"https:\/\/games.tactic.net\/no\/wp-json\/wp\/v2\/brand?post=1361184"},{"taxonomy":"target-group","embeddable":true,"href":"https:\/\/games.tactic.net\/no\/wp-json\/wp\/v2\/target-group?post=1361184"},{"taxonomy":"discontinued","embeddable":true,"href":"https:\/\/games.tactic.net\/no\/wp-json\/wp\/v2\/discontinued?post=1361184"}],"curies":[{"name":"wp","href":"https:\/\/api.w.org\/{rel}","templated":true}]}}