{"id":1361069,"date":"2024-06-25T08:27:05","date_gmt":"2024-06-25T05:27:05","guid":{"rendered":"https:\/\/games.tactic.net\/tuote\/ryktet-garfamilie\/"},"modified":"2024-06-25T08:27:05","modified_gmt":"2024-06-25T05:27:05","slug":"ryktet-garfamilie","status":"archive","type":"product","link":"https:\/\/games.tactic.net\/no\/tuote\/ryktet-garfamilie\/","title":{"rendered":"Ryktet g\u00e5r\u2026familie"},"content":{"rendered":"<p>Norges mest solgte familiespill! Hviskeleken p\u00e5 papir. Trekk en oppgave, skriv ned ordet p\u00e5 blokken din og tegn det p\u00e5 neste ark. Send blokken videre til neste spiller. Hva har jeg tegnet? Neste spiller skriver det han tror p\u00e5 neste ark og sender blokken videre slik at neste tegner hans ord. Hvor lenger klarer man \u00e5 gjette og tegne riktig? Enkelt \u00e5 l\u00e6re &#8211; spillet er i gang p\u00e5 2-3 minutter!<\/p>\n","protected":false},"excerpt":{"rendered":"<p>Norges mest solgte familiespill! Hviskeleken p\u00e5 papir. Trekk en oppgave, skriv ned ordet p\u00e5 blokken din og tegn det p\u00e5 neste ark. Send blokken videre til neste spiller. Hva har jeg tegnet? Neste spiller skriver det han tror p\u00e5 neste ark og sender blokken videre slik at neste tegner hans ord. Hvor lenger klarer man [&hellip;]<\/p>\n","protected":false},"featured_media":0,"template":"","meta":{"content-type":"","_monsterinsights_skip_tracking":false,"_monsterinsights_sitenote_active":false,"_monsterinsights_sitenote_note":"","_monsterinsights_sitenote_category":0},"product_brand":[],"product_cat":[364],"product_tag":[],"brand":[],"target-group":[],"discontinued":[],"class_list":{"0":"post-1361069","1":"product","2":"type-product","3":"status-archive","5":"product_cat-familiespill","7":"first","8":"outofstock","9":"taxable","10":"shipping-taxable","11":"product-type-simple"},"aioseo_notices":[],"_links":{"self":[{"href":"https:\/\/games.tactic.net\/no\/wp-json\/wp\/v2\/product\/1361069","targetHints":{"allow":["GET"]}}],"collection":[{"href":"https:\/\/games.tactic.net\/no\/wp-json\/wp\/v2\/product"}],"about":[{"href":"https:\/\/games.tactic.net\/no\/wp-json\/wp\/v2\/types\/product"}],"wp:attachment":[{"href":"https:\/\/games.tactic.net\/no\/wp-json\/wp\/v2\/media?parent=1361069"}],"wp:term":[{"taxonomy":"product_brand","embeddable":true,"href":"https:\/\/games.tactic.net\/no\/wp-json\/wp\/v2\/product_brand?post=1361069"},{"taxonomy":"product_cat","embeddable":true,"href":"https:\/\/games.tactic.net\/no\/wp-json\/wp\/v2\/product_cat?post=1361069"},{"taxonomy":"product_tag","embeddable":true,"href":"https:\/\/games.tactic.net\/no\/wp-json\/wp\/v2\/product_tag?post=1361069"},{"taxonomy":"brand","embeddable":true,"href":"https:\/\/games.tactic.net\/no\/wp-json\/wp\/v2\/brand?post=1361069"},{"taxonomy":"target-group","embeddable":true,"href":"https:\/\/games.tactic.net\/no\/wp-json\/wp\/v2\/target-group?post=1361069"},{"taxonomy":"discontinued","embeddable":true,"href":"https:\/\/games.tactic.net\/no\/wp-json\/wp\/v2\/discontinued?post=1361069"}],"curies":[{"name":"wp","href":"https:\/\/api.w.org\/{rel}","templated":true}]}}