{"id":1361062,"date":"2024-06-24T15:56:22","date_gmt":"2024-06-24T12:56:22","guid":{"rendered":"https:\/\/games.tactic.net\/tuote\/lets-learn-trivia-game-ages-4-to-6\/"},"modified":"2024-06-24T15:56:22","modified_gmt":"2024-06-24T12:56:22","slug":"lets-learn-trivia-game-ages-4-to-6","status":"publish","type":"product","link":"https:\/\/games.tactic.net\/no\/tuote\/lets-learn-trivia-game-ages-4-to-6\/","title":{"rendered":"Let\u00b4s learn Trivia game ages 4 to 6"},"content":{"rendered":"<p>&laquo;Kan du komme p\u00e5 tre dyr som bor p\u00e5 bondeg\u00e5rd?&raquo;, &laquo;Kan du se noe som er rundt som en ball?&raquo; Kast terningen, svar p\u00e5 sp\u00f8rsm\u00e5let, og fargelegg et dyr for \u00e5 vise at du svarte riktig. Dette sp\u00f8rrespillet gir barna mulighet til \u00e5 bruke fantasien og kreativiteten, og fundere p\u00e5 alt det fantastiske i verden fra sitt eget st\u00e5sted.<\/p>\n<p>Det finnes flere Top5-spill \u00e5 samle p\u00e5. Dere kan stille sp\u00f8rsm\u00e5l til hver enkelt ut fra spillerens ferdighetsniv\u00e5, eller stokke kortene og l\u00e6re av hverandre!<\/p>\n<p>La oss l\u00e6re-produktene inkluderer et bredt utvalg av forskjellige brettspill, kortspill og b\u00f8ker.<\/p>\n<p>Dette produktet er laget i Finland, p\u00e5 Tactic Games sin egen ansvarlige fabrikk. V\u00e5r egen produksjon sikrer sporbarhet av alle materialer, og vi ble tildelt FSC-sertifikatet i 2021. Vi f\u00f8lger ogs\u00e5 n\u00f8ye med p\u00e5 karbonavtrykket v\u00e5rt.<\/p>\n","protected":false},"excerpt":{"rendered":"<p>&laquo;Kan du komme p\u00e5 tre dyr som bor p\u00e5 bondeg\u00e5rd?&raquo;, &laquo;Kan du se noe som er rundt som en ball?&raquo; Kast terningen, svar p\u00e5 sp\u00f8rsm\u00e5let, og fargelegg et dyr for \u00e5 vise at du svarte riktig. Dette sp\u00f8rrespillet gir barna mulighet til \u00e5 bruke fantasien og kreativiteten, og fundere p\u00e5 alt det fantastiske i verden [&hellip;]<\/p>\n","protected":false},"featured_media":0,"template":"","meta":{"content-type":"","_monsterinsights_skip_tracking":false,"_monsterinsights_sitenote_active":false,"_monsterinsights_sitenote_note":"","_monsterinsights_sitenote_category":0},"product_brand":[],"product_cat":[1663,1587],"product_tag":[1255],"brand":[{"id":861,"name":"Let's Learn","slug":"letslearn-no"}],"target-group":[],"discontinued":[],"class_list":{"0":"post-1361062","1":"product","2":"type-product","3":"status-publish","5":"product_cat-laerespill","6":"product_cat-reisespill-familiespill","7":"product_tag-pedagogisk-no","8":"brand-letslearn-no","10":"first","11":"instock","12":"taxable","13":"shipping-taxable","14":"product-type-simple"},"aioseo_notices":[],"_links":{"self":[{"href":"https:\/\/games.tactic.net\/no\/wp-json\/wp\/v2\/product\/1361062","targetHints":{"allow":["GET"]}}],"collection":[{"href":"https:\/\/games.tactic.net\/no\/wp-json\/wp\/v2\/product"}],"about":[{"href":"https:\/\/games.tactic.net\/no\/wp-json\/wp\/v2\/types\/product"}],"wp:attachment":[{"href":"https:\/\/games.tactic.net\/no\/wp-json\/wp\/v2\/media?parent=1361062"}],"wp:term":[{"taxonomy":"product_brand","embeddable":true,"href":"https:\/\/games.tactic.net\/no\/wp-json\/wp\/v2\/product_brand?post=1361062"},{"taxonomy":"product_cat","embeddable":true,"href":"https:\/\/games.tactic.net\/no\/wp-json\/wp\/v2\/product_cat?post=1361062"},{"taxonomy":"product_tag","embeddable":true,"href":"https:\/\/games.tactic.net\/no\/wp-json\/wp\/v2\/product_tag?post=1361062"},{"taxonomy":"brand","embeddable":true,"href":"https:\/\/games.tactic.net\/no\/wp-json\/wp\/v2\/brand?post=1361062"},{"taxonomy":"target-group","embeddable":true,"href":"https:\/\/games.tactic.net\/no\/wp-json\/wp\/v2\/target-group?post=1361062"},{"taxonomy":"discontinued","embeddable":true,"href":"https:\/\/games.tactic.net\/no\/wp-json\/wp\/v2\/discontinued?post=1361062"}],"curies":[{"name":"wp","href":"https:\/\/api.w.org\/{rel}","templated":true}]}}