{"id":1360914,"date":"2024-06-04T08:18:14","date_gmt":"2024-06-04T05:18:14","guid":{"rendered":"https:\/\/games.tactic.net\/tuote\/gift-game-aldri-ville-vi-noen-gang\/"},"modified":"2024-06-04T08:18:14","modified_gmt":"2024-06-04T05:18:14","slug":"gift-game-aldri-ville-vi-noen-gang","status":"publish","type":"product","link":"https:\/\/games.tactic.net\/no\/tuote\/gift-game-aldri-ville-vi-noen-gang\/","title":{"rendered":"Gift Game Aldri ville vi noen gang"},"content":{"rendered":"<p>Dere m\u00e5 v\u00e6re i synk for \u00e5 vinne! Trekk et kort som beskriver to ubehagelige situasjoner. Tenk som en gruppe \u2013 uten \u00e5 si et ord! Hvilket av de to alternativene tror du gruppa synes er verst? Hvis alle spillerne valgte det samme alternativet, vinner gruppa kortet. Hvor mange kort klarer dere?<\/p>\n","protected":false},"excerpt":{"rendered":"<p>Dere m\u00e5 v\u00e6re i synk for \u00e5 vinne! Trekk et kort som beskriver to ubehagelige situasjoner. Tenk som en gruppe \u2013 uten \u00e5 si et ord! Hvilket av de to alternativene tror du gruppa synes er verst? Hvis alle spillerne valgte det samme alternativet, vinner gruppa kortet. Hvor mange kort klarer dere?<\/p>\n","protected":false},"featured_media":0,"template":"","meta":{"content-type":"","_monsterinsights_skip_tracking":false,"_monsterinsights_sitenote_active":false,"_monsterinsights_sitenote_note":"","_monsterinsights_sitenote_category":0},"product_brand":[],"product_cat":[1662,1661],"product_tag":[969],"brand":[],"target-group":[],"discontinued":[],"class_list":{"0":"post-1360914","1":"product","2":"type-product","3":"status-publish","5":"product_cat-partyspill","6":"product_cat-selskapsspill-voksenspill","7":"product_tag-tidsfordriv-2","9":"first","10":"instock","11":"taxable","12":"shipping-taxable","13":"product-type-simple"},"aioseo_notices":[],"_links":{"self":[{"href":"https:\/\/games.tactic.net\/no\/wp-json\/wp\/v2\/product\/1360914","targetHints":{"allow":["GET"]}}],"collection":[{"href":"https:\/\/games.tactic.net\/no\/wp-json\/wp\/v2\/product"}],"about":[{"href":"https:\/\/games.tactic.net\/no\/wp-json\/wp\/v2\/types\/product"}],"wp:attachment":[{"href":"https:\/\/games.tactic.net\/no\/wp-json\/wp\/v2\/media?parent=1360914"}],"wp:term":[{"taxonomy":"product_brand","embeddable":true,"href":"https:\/\/games.tactic.net\/no\/wp-json\/wp\/v2\/product_brand?post=1360914"},{"taxonomy":"product_cat","embeddable":true,"href":"https:\/\/games.tactic.net\/no\/wp-json\/wp\/v2\/product_cat?post=1360914"},{"taxonomy":"product_tag","embeddable":true,"href":"https:\/\/games.tactic.net\/no\/wp-json\/wp\/v2\/product_tag?post=1360914"},{"taxonomy":"brand","embeddable":true,"href":"https:\/\/games.tactic.net\/no\/wp-json\/wp\/v2\/brand?post=1360914"},{"taxonomy":"target-group","embeddable":true,"href":"https:\/\/games.tactic.net\/no\/wp-json\/wp\/v2\/target-group?post=1360914"},{"taxonomy":"discontinued","embeddable":true,"href":"https:\/\/games.tactic.net\/no\/wp-json\/wp\/v2\/discontinued?post=1360914"}],"curies":[{"name":"wp","href":"https:\/\/api.w.org\/{rel}","templated":true}]}}