{"id":1360888,"date":"2024-05-31T15:10:13","date_gmt":"2024-05-31T12:10:13","guid":{"rendered":"https:\/\/games.tactic.net\/tuote\/gamestorm-gift-game-jeg-utfordrer-deg\/"},"modified":"2024-05-31T15:10:13","modified_gmt":"2024-05-31T12:10:13","slug":"gamestorm-gift-game-jeg-utfordrer-deg","status":"publish","type":"product","link":"https:\/\/games.tactic.net\/no\/tuote\/gamestorm-gift-game-jeg-utfordrer-deg\/","title":{"rendered":"Gift Game Jeg utfordrer deg!"},"content":{"rendered":"<p>Hev innsatsen \u2026 hvis du t\u00f8r! Et utfordringskort trekkes og legges p\u00e5 bordet. Hvis du byr h\u00f8yest, f\u00e5r du pr\u00f8ve deg p\u00e5 utfordringen. Hvis du klarer den, f\u00e5r du like mange poeng som kortet viser. Hvis ikke f\u00e5r de andre spillerne poengene isteden. Vinneren er den som har flest poeng i slutten av spillet!<\/p>\n","protected":false},"excerpt":{"rendered":"<p>Hev innsatsen \u2026 hvis du t\u00f8r! Et utfordringskort trekkes og legges p\u00e5 bordet. Hvis du byr h\u00f8yest, f\u00e5r du pr\u00f8ve deg p\u00e5 utfordringen. Hvis du klarer den, f\u00e5r du like mange poeng som kortet viser. Hvis ikke f\u00e5r de andre spillerne poengene isteden. Vinneren er den som har flest poeng i slutten av spillet!<\/p>\n","protected":false},"featured_media":0,"template":"","meta":{"content-type":"","_monsterinsights_skip_tracking":false,"_monsterinsights_sitenote_active":false,"_monsterinsights_sitenote_note":"","_monsterinsights_sitenote_category":0},"product_brand":[],"product_cat":[1662,1661],"product_tag":[969],"brand":[],"target-group":[],"discontinued":[],"class_list":{"0":"post-1360888","1":"product","2":"type-product","3":"status-publish","5":"product_cat-partyspill","6":"product_cat-selskapsspill-voksenspill","7":"product_tag-tidsfordriv-2","9":"first","10":"instock","11":"taxable","12":"shipping-taxable","13":"product-type-simple"},"aioseo_notices":[],"_links":{"self":[{"href":"https:\/\/games.tactic.net\/no\/wp-json\/wp\/v2\/product\/1360888","targetHints":{"allow":["GET"]}}],"collection":[{"href":"https:\/\/games.tactic.net\/no\/wp-json\/wp\/v2\/product"}],"about":[{"href":"https:\/\/games.tactic.net\/no\/wp-json\/wp\/v2\/types\/product"}],"wp:attachment":[{"href":"https:\/\/games.tactic.net\/no\/wp-json\/wp\/v2\/media?parent=1360888"}],"wp:term":[{"taxonomy":"product_brand","embeddable":true,"href":"https:\/\/games.tactic.net\/no\/wp-json\/wp\/v2\/product_brand?post=1360888"},{"taxonomy":"product_cat","embeddable":true,"href":"https:\/\/games.tactic.net\/no\/wp-json\/wp\/v2\/product_cat?post=1360888"},{"taxonomy":"product_tag","embeddable":true,"href":"https:\/\/games.tactic.net\/no\/wp-json\/wp\/v2\/product_tag?post=1360888"},{"taxonomy":"brand","embeddable":true,"href":"https:\/\/games.tactic.net\/no\/wp-json\/wp\/v2\/brand?post=1360888"},{"taxonomy":"target-group","embeddable":true,"href":"https:\/\/games.tactic.net\/no\/wp-json\/wp\/v2\/target-group?post=1360888"},{"taxonomy":"discontinued","embeddable":true,"href":"https:\/\/games.tactic.net\/no\/wp-json\/wp\/v2\/discontinued?post=1360888"}],"curies":[{"name":"wp","href":"https:\/\/api.w.org\/{rel}","templated":true}]}}