{"id":1360887,"date":"2024-05-31T15:10:06","date_gmt":"2024-05-31T12:10:06","guid":{"rendered":"https:\/\/games.tactic.net\/tuote\/gamestorm-gift-game-hvor-galt-kan-det-bli\/"},"modified":"2024-05-31T15:10:06","modified_gmt":"2024-05-31T12:10:06","slug":"gamestorm-gift-game-hvor-galt-kan-det-bli","status":"publish","type":"product","link":"https:\/\/games.tactic.net\/no\/tuote\/gamestorm-gift-game-hvor-galt-kan-det-bli\/","title":{"rendered":"Gift Game Hvor galt kan det bli?"},"content":{"rendered":"<p>Sett sammen kjente personer og morsomme situasjoner i elleville kombinasjoner! Trekk et personkort og et situasjonskort. Velg den av personene du ville hatt med deg i den gitte situasjonen, og s\u00e5 skal de andre pr\u00f8ve \u00e5 gjette den rare sammensetningen din. Spillerne som gjetter riktig, f\u00e5r et poeng. Spilleren med flest poeng vinner!<\/p>\n","protected":false},"excerpt":{"rendered":"<p>Sett sammen kjente personer og morsomme situasjoner i elleville kombinasjoner! Trekk et personkort og et situasjonskort. Velg den av personene du ville hatt med deg i den gitte situasjonen, og s\u00e5 skal de andre pr\u00f8ve \u00e5 gjette den rare sammensetningen din. Spillerne som gjetter riktig, f\u00e5r et poeng. Spilleren med flest poeng vinner!<\/p>\n","protected":false},"featured_media":0,"template":"","meta":{"content-type":"","_monsterinsights_skip_tracking":false,"_monsterinsights_sitenote_active":false,"_monsterinsights_sitenote_note":"","_monsterinsights_sitenote_category":0},"product_brand":[],"product_cat":[1662,1661],"product_tag":[969],"brand":[],"target-group":[],"discontinued":[],"class_list":{"0":"post-1360887","1":"product","2":"type-product","3":"status-publish","5":"product_cat-partyspill","6":"product_cat-selskapsspill-voksenspill","7":"product_tag-tidsfordriv-2","9":"first","10":"instock","11":"taxable","12":"shipping-taxable","13":"product-type-simple"},"aioseo_notices":[],"_links":{"self":[{"href":"https:\/\/games.tactic.net\/no\/wp-json\/wp\/v2\/product\/1360887","targetHints":{"allow":["GET"]}}],"collection":[{"href":"https:\/\/games.tactic.net\/no\/wp-json\/wp\/v2\/product"}],"about":[{"href":"https:\/\/games.tactic.net\/no\/wp-json\/wp\/v2\/types\/product"}],"wp:attachment":[{"href":"https:\/\/games.tactic.net\/no\/wp-json\/wp\/v2\/media?parent=1360887"}],"wp:term":[{"taxonomy":"product_brand","embeddable":true,"href":"https:\/\/games.tactic.net\/no\/wp-json\/wp\/v2\/product_brand?post=1360887"},{"taxonomy":"product_cat","embeddable":true,"href":"https:\/\/games.tactic.net\/no\/wp-json\/wp\/v2\/product_cat?post=1360887"},{"taxonomy":"product_tag","embeddable":true,"href":"https:\/\/games.tactic.net\/no\/wp-json\/wp\/v2\/product_tag?post=1360887"},{"taxonomy":"brand","embeddable":true,"href":"https:\/\/games.tactic.net\/no\/wp-json\/wp\/v2\/brand?post=1360887"},{"taxonomy":"target-group","embeddable":true,"href":"https:\/\/games.tactic.net\/no\/wp-json\/wp\/v2\/target-group?post=1360887"},{"taxonomy":"discontinued","embeddable":true,"href":"https:\/\/games.tactic.net\/no\/wp-json\/wp\/v2\/discontinued?post=1360887"}],"curies":[{"name":"wp","href":"https:\/\/api.w.org\/{rel}","templated":true}]}}