{"id":1360869,"date":"2024-05-30T11:10:22","date_gmt":"2024-05-30T08:10:22","guid":{"rendered":"https:\/\/games.tactic.net\/tuote\/tactic-lets-learn-traffic-game\/"},"modified":"2024-05-30T11:10:22","modified_gmt":"2024-05-30T08:10:22","slug":"tactic-lets-learn-traffic-game","status":"publish","type":"product","link":"https:\/\/games.tactic.net\/no\/tuote\/tactic-lets-learn-traffic-game\/","title":{"rendered":"Vi L\u00e6rer oss Trafikk"},"content":{"rendered":"<p>Det er om \u00e5 gj\u00f8re \u00e5 komme f\u00f8rst i m\u00e5l ved \u00e5 komme seg trygt gjennom trafikken. Hvem vinner den ettertraktede pokalen for flinkeste trafikant? En vennegjeng er p\u00e5 vei hjem fra skolen. De konkurrerer om hvem som kan gj\u00f8re \u00e6rendene sine raskest og komme seg hjem f\u00f8rst. Bruk stegene dine klokt, og svar riktig p\u00e5 sp\u00f8rsm\u00e5l om trafikken. Dere kan sette trafikkskiltene fritt ved start, slik at hver omgang blir annerledes. Ta pokalen for flinkeste trafikant og kom f\u00f8rst i m\u00e5l!<\/p>\n","protected":false},"excerpt":{"rendered":"<p>Det er om \u00e5 gj\u00f8re \u00e5 komme f\u00f8rst i m\u00e5l ved \u00e5 komme seg trygt gjennom trafikken. Hvem vinner den ettertraktede pokalen for flinkeste trafikant? En vennegjeng er p\u00e5 vei hjem fra skolen. De konkurrerer om hvem som kan gj\u00f8re \u00e6rendene sine raskest og komme seg hjem f\u00f8rst. Bruk stegene dine klokt, og svar riktig [&hellip;]<\/p>\n","protected":false},"featured_media":0,"template":"","meta":{"content-type":"","_monsterinsights_skip_tracking":false,"_monsterinsights_sitenote_active":false,"_monsterinsights_sitenote_note":"","_monsterinsights_sitenote_category":0},"product_brand":[],"product_cat":[1649,1663],"product_tag":[1233,1255],"brand":[{"id":861,"name":"Let's Learn","slug":"letslearn-no"}],"target-group":[],"discontinued":[],"class_list":{"0":"post-1360869","1":"product","2":"type-product","3":"status-publish","5":"product_cat-barnespill-barnespill","6":"product_cat-laerespill","7":"product_tag-kombinere-no","8":"product_tag-pedagogisk-no","9":"brand-letslearn-no","11":"first","12":"instock","13":"taxable","14":"shipping-taxable","15":"product-type-simple"},"aioseo_notices":[],"_links":{"self":[{"href":"https:\/\/games.tactic.net\/no\/wp-json\/wp\/v2\/product\/1360869","targetHints":{"allow":["GET"]}}],"collection":[{"href":"https:\/\/games.tactic.net\/no\/wp-json\/wp\/v2\/product"}],"about":[{"href":"https:\/\/games.tactic.net\/no\/wp-json\/wp\/v2\/types\/product"}],"wp:attachment":[{"href":"https:\/\/games.tactic.net\/no\/wp-json\/wp\/v2\/media?parent=1360869"}],"wp:term":[{"taxonomy":"product_brand","embeddable":true,"href":"https:\/\/games.tactic.net\/no\/wp-json\/wp\/v2\/product_brand?post=1360869"},{"taxonomy":"product_cat","embeddable":true,"href":"https:\/\/games.tactic.net\/no\/wp-json\/wp\/v2\/product_cat?post=1360869"},{"taxonomy":"product_tag","embeddable":true,"href":"https:\/\/games.tactic.net\/no\/wp-json\/wp\/v2\/product_tag?post=1360869"},{"taxonomy":"brand","embeddable":true,"href":"https:\/\/games.tactic.net\/no\/wp-json\/wp\/v2\/brand?post=1360869"},{"taxonomy":"target-group","embeddable":true,"href":"https:\/\/games.tactic.net\/no\/wp-json\/wp\/v2\/target-group?post=1360869"},{"taxonomy":"discontinued","embeddable":true,"href":"https:\/\/games.tactic.net\/no\/wp-json\/wp\/v2\/discontinued?post=1360869"}],"curies":[{"name":"wp","href":"https:\/\/api.w.org\/{rel}","templated":true}]}}