{"id":1360850,"date":"2024-05-27T13:54:42","date_gmt":"2024-05-27T10:54:42","guid":{"rendered":"https:\/\/games.tactic.net\/tuote\/kramiz-dino-korall-60-cm\/"},"modified":"2024-05-27T13:54:42","modified_gmt":"2024-05-27T10:54:42","slug":"kramiz-dino-korall-60-cm","status":"archive","type":"product","link":"https:\/\/games.tactic.net\/no\/tuote\/kramiz-dino-korall-60-cm\/","title":{"rendered":"Kramiz dino korall 60 cm"},"content":{"rendered":"<p>Kramis dino med kort plysj og broderte \u00f8yne, bare elsker \u00e5 klemme. Kan vaskes p\u00e5 40 grader. Godkjent fra 0+.<\/p>\n","protected":false},"excerpt":{"rendered":"<p>Kramis dino med kort plysj og broderte \u00f8yne, bare elsker \u00e5 klemme. Kan vaskes p\u00e5 40 grader. Godkjent fra 0+.<\/p>\n","protected":false},"featured_media":0,"template":"","meta":{"content-type":"","_monsterinsights_skip_tracking":false,"_monsterinsights_sitenote_active":false,"_monsterinsights_sitenote_note":"","_monsterinsights_sitenote_category":0},"product_brand":[],"product_cat":[2048],"product_tag":[],"brand":[],"target-group":[],"discontinued":[],"class_list":{"0":"post-1360850","1":"product","2":"type-product","3":"status-archive","5":"product_cat-teddykompaniet","7":"first","8":"outofstock","9":"taxable","10":"shipping-taxable","11":"product-type-simple"},"aioseo_notices":[],"_links":{"self":[{"href":"https:\/\/games.tactic.net\/no\/wp-json\/wp\/v2\/product\/1360850","targetHints":{"allow":["GET"]}}],"collection":[{"href":"https:\/\/games.tactic.net\/no\/wp-json\/wp\/v2\/product"}],"about":[{"href":"https:\/\/games.tactic.net\/no\/wp-json\/wp\/v2\/types\/product"}],"wp:attachment":[{"href":"https:\/\/games.tactic.net\/no\/wp-json\/wp\/v2\/media?parent=1360850"}],"wp:term":[{"taxonomy":"product_brand","embeddable":true,"href":"https:\/\/games.tactic.net\/no\/wp-json\/wp\/v2\/product_brand?post=1360850"},{"taxonomy":"product_cat","embeddable":true,"href":"https:\/\/games.tactic.net\/no\/wp-json\/wp\/v2\/product_cat?post=1360850"},{"taxonomy":"product_tag","embeddable":true,"href":"https:\/\/games.tactic.net\/no\/wp-json\/wp\/v2\/product_tag?post=1360850"},{"taxonomy":"brand","embeddable":true,"href":"https:\/\/games.tactic.net\/no\/wp-json\/wp\/v2\/brand?post=1360850"},{"taxonomy":"target-group","embeddable":true,"href":"https:\/\/games.tactic.net\/no\/wp-json\/wp\/v2\/target-group?post=1360850"},{"taxonomy":"discontinued","embeddable":true,"href":"https:\/\/games.tactic.net\/no\/wp-json\/wp\/v2\/discontinued?post=1360850"}],"curies":[{"name":"wp","href":"https:\/\/api.w.org\/{rel}","templated":true}]}}