{"id":1360828,"date":"2024-05-22T07:54:29","date_gmt":"2024-05-22T04:54:29","guid":{"rendered":"https:\/\/games.tactic.net\/tuote\/bruder-lemken-koralin-9\/"},"modified":"2024-05-28T12:33:47","modified_gmt":"2024-05-28T09:33:47","slug":"bruder-lemken-koralin-9","status":"publish","type":"product","link":"https:\/\/games.tactic.net\/no\/tuote\/bruder-lemken-koralin-9\/","title":{"rendered":"Bruder Lemken Koralin 9 kultivator lekesett"},"content":{"rendered":"<p>Landbruket m\u00e5 tilpasse seg nye utfordringer, som mindre nedb\u00f8r og mer t\u00f8rke. Koralin-kultivatoren tilbyr en sk\u00e5nsom og allsidig l\u00f8sning for jordbearbeiding. Denne toppmoderne maskinen i skala 1:16 er ny i BRUDERs landbruksverden. En spak p\u00e5 rammen bytter mellom transport- og arbeidsstilling. Store sideelementer med detaljert vindus- og tindeseksjon kan foldes opp for transport. Nedfelt, sammen med fungerende ettervalser og tinder som p\u00e5 originalen, viser den imponerende arbeidsbredden. Perfekt sammen med BRUDERs traktorer i 3000- og 4000-serien.<\/p>\n","protected":false},"excerpt":{"rendered":"<p>Koralin kultivator gir moderne jordbearbeiding. Foldbare sideelementer, ruller og tinder som originalen. Passer BRUDER traktorer i 3000\/4000-serien.<\/p>\n","protected":false},"featured_media":0,"template":"","meta":{"content-type":"","_monsterinsights_skip_tracking":false,"_monsterinsights_sitenote_active":false,"_monsterinsights_sitenote_note":"","_monsterinsights_sitenote_category":0},"product_brand":[],"product_cat":[1705],"product_tag":[],"brand":[],"target-group":[],"discontinued":[],"class_list":{"0":"post-1360828","1":"product","2":"type-product","3":"status-publish","5":"product_cat-bruder-leker","7":"first","8":"instock","9":"taxable","10":"shipping-taxable","11":"product-type-simple"},"aioseo_notices":[],"_links":{"self":[{"href":"https:\/\/games.tactic.net\/no\/wp-json\/wp\/v2\/product\/1360828","targetHints":{"allow":["GET"]}}],"collection":[{"href":"https:\/\/games.tactic.net\/no\/wp-json\/wp\/v2\/product"}],"about":[{"href":"https:\/\/games.tactic.net\/no\/wp-json\/wp\/v2\/types\/product"}],"wp:attachment":[{"href":"https:\/\/games.tactic.net\/no\/wp-json\/wp\/v2\/media?parent=1360828"}],"wp:term":[{"taxonomy":"product_brand","embeddable":true,"href":"https:\/\/games.tactic.net\/no\/wp-json\/wp\/v2\/product_brand?post=1360828"},{"taxonomy":"product_cat","embeddable":true,"href":"https:\/\/games.tactic.net\/no\/wp-json\/wp\/v2\/product_cat?post=1360828"},{"taxonomy":"product_tag","embeddable":true,"href":"https:\/\/games.tactic.net\/no\/wp-json\/wp\/v2\/product_tag?post=1360828"},{"taxonomy":"brand","embeddable":true,"href":"https:\/\/games.tactic.net\/no\/wp-json\/wp\/v2\/brand?post=1360828"},{"taxonomy":"target-group","embeddable":true,"href":"https:\/\/games.tactic.net\/no\/wp-json\/wp\/v2\/target-group?post=1360828"},{"taxonomy":"discontinued","embeddable":true,"href":"https:\/\/games.tactic.net\/no\/wp-json\/wp\/v2\/discontinued?post=1360828"}],"curies":[{"name":"wp","href":"https:\/\/api.w.org\/{rel}","templated":true}]}}