{"id":1360800,"date":"2024-05-15T13:17:11","date_gmt":"2024-05-15T10:17:11","guid":{"rendered":"https:\/\/games.tactic.net\/tuote\/bruder-fliegl-drum-trailer-jumbo-line-plus\/"},"modified":"2024-05-15T13:17:11","modified_gmt":"2024-05-15T10:17:11","slug":"bruder-fliegl-drum-trailer-jumbo-line-plus","status":"publish","type":"product","link":"https:\/\/games.tactic.net\/no\/tuote\/bruder-fliegl-drum-trailer-jumbo-line-plus\/","title":{"rendered":"Fliegl Jumbo Line Plus drum trailer toy"},"content":{"rendered":"<p>Fliegl t\u00f8nnehenger med spreder\u00f8r kan fylles med vann og lukkes med lokk. T\u00f8nnehengeren kan t\u00f8mmes igjen via utl\u00f8psventilen. Spredningsr\u00f8rene kan foldes inn under kj\u00f8remodus. Bruder 3000- og 4000- serie traktorer er perfekte for denne imponerende hengeren.<\/p>\n","protected":false},"excerpt":{"rendered":"<p>Fliegl t\u00f8nnehenger med spreder\u00f8r kan fylles med vann og lukkes med lokk. T\u00f8nnehengeren kan t\u00f8mmes igjen via utl\u00f8psventilen. Spredningsr\u00f8rene kan foldes inn under kj\u00f8remodus. Bruder 3000- og 4000- serie traktorer er perfekte for denne imponerende hengeren.<\/p>\n","protected":false},"featured_media":0,"template":"","meta":{"content-type":"","_monsterinsights_skip_tracking":false,"_monsterinsights_sitenote_active":false,"_monsterinsights_sitenote_note":"","_monsterinsights_sitenote_category":0},"product_brand":[],"product_cat":[1705],"product_tag":[],"brand":[],"target-group":[],"discontinued":[],"class_list":{"0":"post-1360800","1":"product","2":"type-product","3":"status-publish","5":"product_cat-bruder-leker","7":"first","8":"instock","9":"taxable","10":"shipping-taxable","11":"product-type-simple"},"aioseo_notices":[],"_links":{"self":[{"href":"https:\/\/games.tactic.net\/no\/wp-json\/wp\/v2\/product\/1360800","targetHints":{"allow":["GET"]}}],"collection":[{"href":"https:\/\/games.tactic.net\/no\/wp-json\/wp\/v2\/product"}],"about":[{"href":"https:\/\/games.tactic.net\/no\/wp-json\/wp\/v2\/types\/product"}],"wp:attachment":[{"href":"https:\/\/games.tactic.net\/no\/wp-json\/wp\/v2\/media?parent=1360800"}],"wp:term":[{"taxonomy":"product_brand","embeddable":true,"href":"https:\/\/games.tactic.net\/no\/wp-json\/wp\/v2\/product_brand?post=1360800"},{"taxonomy":"product_cat","embeddable":true,"href":"https:\/\/games.tactic.net\/no\/wp-json\/wp\/v2\/product_cat?post=1360800"},{"taxonomy":"product_tag","embeddable":true,"href":"https:\/\/games.tactic.net\/no\/wp-json\/wp\/v2\/product_tag?post=1360800"},{"taxonomy":"brand","embeddable":true,"href":"https:\/\/games.tactic.net\/no\/wp-json\/wp\/v2\/brand?post=1360800"},{"taxonomy":"target-group","embeddable":true,"href":"https:\/\/games.tactic.net\/no\/wp-json\/wp\/v2\/target-group?post=1360800"},{"taxonomy":"discontinued","embeddable":true,"href":"https:\/\/games.tactic.net\/no\/wp-json\/wp\/v2\/discontinued?post=1360800"}],"curies":[{"name":"wp","href":"https:\/\/api.w.org\/{rel}","templated":true}]}}