{"id":1360775,"date":"2024-05-15T13:14:02","date_gmt":"2024-05-15T10:14:02","guid":{"rendered":"https:\/\/games.tactic.net\/tuote\/ses-lol-glitter-stickers\/"},"modified":"2024-05-15T13:14:02","modified_gmt":"2024-05-15T10:14:02","slug":"ses-lol-glitter-stickers","status":"publish","type":"product","link":"https:\/\/games.tactic.net\/no\/tuote\/ses-lol-glitter-stickers\/","title":{"rendered":"LOL glitter stickers"},"content":{"rendered":"<p>SES sitt brede utvalg av hobbyprodukter handler om moro, lek, l\u00e6ring, sikkerhet og det \u00e5 la barna slippe kreativiteten l\u00f8s. SES Creative er en familiebedrift grunnlagt i 1972, hvis produkter allerede selges i mer enn 75 land. SES-produkter produseres etter de h\u00f8yeste standarder i deres egen fabrikk i Holland.<\/p>\n","protected":false},"excerpt":{"rendered":"<p>SES sitt brede utvalg av hobbyprodukter handler om moro, lek, l\u00e6ring, sikkerhet og det \u00e5 la barna slippe kreativiteten l\u00f8s. SES Creative er en familiebedrift grunnlagt i 1972, hvis produkter allerede selges i mer enn 75 land. SES-produkter produseres etter de h\u00f8yeste standarder i deres egen fabrikk i Holland.<\/p>\n","protected":false},"featured_media":0,"template":"","meta":{"content-type":"","_monsterinsights_skip_tracking":false,"_monsterinsights_sitenote_active":false,"_monsterinsights_sitenote_note":"","_monsterinsights_sitenote_category":0},"product_brand":[],"product_cat":[2131],"product_tag":[],"brand":[],"target-group":[],"discontinued":[],"class_list":{"0":"post-1360775","1":"product","2":"type-product","3":"status-publish","5":"product_cat-ses","7":"first","8":"outofstock","9":"taxable","10":"shipping-taxable","11":"product-type-simple"},"aioseo_notices":[],"_links":{"self":[{"href":"https:\/\/games.tactic.net\/no\/wp-json\/wp\/v2\/product\/1360775","targetHints":{"allow":["GET"]}}],"collection":[{"href":"https:\/\/games.tactic.net\/no\/wp-json\/wp\/v2\/product"}],"about":[{"href":"https:\/\/games.tactic.net\/no\/wp-json\/wp\/v2\/types\/product"}],"wp:attachment":[{"href":"https:\/\/games.tactic.net\/no\/wp-json\/wp\/v2\/media?parent=1360775"}],"wp:term":[{"taxonomy":"product_brand","embeddable":true,"href":"https:\/\/games.tactic.net\/no\/wp-json\/wp\/v2\/product_brand?post=1360775"},{"taxonomy":"product_cat","embeddable":true,"href":"https:\/\/games.tactic.net\/no\/wp-json\/wp\/v2\/product_cat?post=1360775"},{"taxonomy":"product_tag","embeddable":true,"href":"https:\/\/games.tactic.net\/no\/wp-json\/wp\/v2\/product_tag?post=1360775"},{"taxonomy":"brand","embeddable":true,"href":"https:\/\/games.tactic.net\/no\/wp-json\/wp\/v2\/brand?post=1360775"},{"taxonomy":"target-group","embeddable":true,"href":"https:\/\/games.tactic.net\/no\/wp-json\/wp\/v2\/target-group?post=1360775"},{"taxonomy":"discontinued","embeddable":true,"href":"https:\/\/games.tactic.net\/no\/wp-json\/wp\/v2\/discontinued?post=1360775"}],"curies":[{"name":"wp","href":"https:\/\/api.w.org\/{rel}","templated":true}]}}