{"id":1360756,"date":"2024-05-14T12:10:08","date_gmt":"2024-05-14T09:10:08","guid":{"rendered":"https:\/\/games.tactic.net\/tuote\/bruder-mb-sprinter-police-vehicle-with-policeman\/"},"modified":"2024-10-22T15:59:32","modified_gmt":"2024-10-22T12:59:32","slug":"bruder-mb-sprinter-police-vehicle-with-policeman","status":"publish","type":"product","link":"https:\/\/games.tactic.net\/no\/tuote\/bruder-mb-sprinter-police-vehicle-with-policeman\/","title":{"rendered":"Mercedes-Benz Sprinter Police vehicle with police officer toy"},"content":{"rendered":"<p>Bruder MB Sprinter politiutrykningskj\u00f8ret\u00f8y er en imponerende lekebil som gir fantasifulle politiaksjoner til livet for barn. Den n\u00f8yaktige og realistiske replikaen av Mercedes-Benz Sprinter er designet med n\u00f8ye oppmerksomhet p\u00e5 detaljer og er utstyrt med autentiske politiutrykningsfunksjoner.<br \/>\nKj\u00f8ret\u00f8yet har fungerende lys- og lydsystemer som gir en ekstra dimensjon til leken og gj\u00f8r den enda morsommere. D\u00f8rene kan \u00e5pnes for enkel tilgang til interi\u00f8ret, der figurer eller annet utstyr kan plasseres. Robuste materialer sikrer holdbarhet og langvarig lek, mens de presise proporsjonene og designelementene gj\u00f8r den til et perfekt tillegg til ethvert barnerom eller lekeomr\u00e5de.<\/p>\n","protected":false},"excerpt":{"rendered":"<p>Bruder MB Sprinter politiutrykningskj\u00f8ret\u00f8y er en imponerende lekebil som gir fantasifulle politiaksjoner til livet for barn. Den n\u00f8yaktige og realistiske replikaen av Mercedes-Benz Sprinter er designet med n\u00f8ye oppmerksomhet p\u00e5 detaljer og er utstyrt med autentiske politiutrykningsfunksjoner. Kj\u00f8ret\u00f8yet har fungerende lys- og lydsystemer som gir en ekstra dimensjon til leken og gj\u00f8r den enda morsommere. [&hellip;]<\/p>\n","protected":false},"featured_media":0,"template":"","meta":{"content-type":"","_monsterinsights_skip_tracking":false,"_monsterinsights_sitenote_active":false,"_monsterinsights_sitenote_note":"","_monsterinsights_sitenote_category":0},"product_brand":[],"product_cat":[1705],"product_tag":[],"brand":[],"target-group":[],"discontinued":[],"class_list":{"0":"post-1360756","1":"product","2":"type-product","3":"status-publish","5":"product_cat-bruder-leker","7":"first","8":"instock","9":"taxable","10":"shipping-taxable","11":"product-type-simple"},"aioseo_notices":[],"_links":{"self":[{"href":"https:\/\/games.tactic.net\/no\/wp-json\/wp\/v2\/product\/1360756","targetHints":{"allow":["GET"]}}],"collection":[{"href":"https:\/\/games.tactic.net\/no\/wp-json\/wp\/v2\/product"}],"about":[{"href":"https:\/\/games.tactic.net\/no\/wp-json\/wp\/v2\/types\/product"}],"wp:attachment":[{"href":"https:\/\/games.tactic.net\/no\/wp-json\/wp\/v2\/media?parent=1360756"}],"wp:term":[{"taxonomy":"product_brand","embeddable":true,"href":"https:\/\/games.tactic.net\/no\/wp-json\/wp\/v2\/product_brand?post=1360756"},{"taxonomy":"product_cat","embeddable":true,"href":"https:\/\/games.tactic.net\/no\/wp-json\/wp\/v2\/product_cat?post=1360756"},{"taxonomy":"product_tag","embeddable":true,"href":"https:\/\/games.tactic.net\/no\/wp-json\/wp\/v2\/product_tag?post=1360756"},{"taxonomy":"brand","embeddable":true,"href":"https:\/\/games.tactic.net\/no\/wp-json\/wp\/v2\/brand?post=1360756"},{"taxonomy":"target-group","embeddable":true,"href":"https:\/\/games.tactic.net\/no\/wp-json\/wp\/v2\/target-group?post=1360756"},{"taxonomy":"discontinued","embeddable":true,"href":"https:\/\/games.tactic.net\/no\/wp-json\/wp\/v2\/discontinued?post=1360756"}],"curies":[{"name":"wp","href":"https:\/\/api.w.org\/{rel}","templated":true}]}}