{"id":1360729,"date":"2024-05-13T15:19:56","date_gmt":"2024-05-13T12:19:56","guid":{"rendered":"https:\/\/games.tactic.net\/tuote\/crime-scene-stavanger\/"},"modified":"2024-05-13T15:19:56","modified_gmt":"2024-05-13T12:19:56","slug":"crime-scene-stavanger","status":"publish","type":"product","link":"https:\/\/games.tactic.net\/no\/tuote\/crime-scene-stavanger\/","title":{"rendered":"Crime Scene Stavanger 2024"},"content":{"rendered":"<p>I Crime Scene\u00a0spillene skal du bygge opp bevistavlen steg for steg og en etter en frem til alle bevisene er funnet og alle g\u00e5tene er l\u00f8st. Organiseringskartet viser om du er p\u00e5 riktig spor. Spillet er et unikt &laquo;story cypher&raquo; spill der historien leder deg gjennom spillet og introduserer deg for den aktuelle saken. F\u00f8lg og dekrypter riktig spor for \u00e5 avsl\u00f8re ledetr\u00e5dene videre.<\/p>\n","protected":false},"excerpt":{"rendered":"<p>I Crime Scene\u00a0spillene skal du bygge opp bevistavlen steg for steg og en etter en frem til alle bevisene er funnet og alle g\u00e5tene er l\u00f8st. Organiseringskartet viser om du er p\u00e5 riktig spor. Spillet er et unikt &laquo;story cypher&raquo; spill der historien leder deg gjennom spillet og introduserer deg for den aktuelle saken. F\u00f8lg [&hellip;]<\/p>\n","protected":false},"featured_media":0,"template":"","meta":{"content-type":"","_monsterinsights_skip_tracking":false,"_monsterinsights_sitenote_active":false,"_monsterinsights_sitenote_note":"","_monsterinsights_sitenote_category":0},"product_brand":[],"product_cat":[1672],"product_tag":[],"brand":[{"id":884,"name":"Gamestorm Studio","slug":"gametormstudio"}],"target-group":[],"discontinued":[],"class_list":{"0":"post-1360729","1":"product","2":"type-product","3":"status-publish","5":"product_cat-18-voksenspill","6":"brand-gametormstudio","8":"first","9":"instock","10":"taxable","11":"shipping-taxable","12":"product-type-simple"},"aioseo_notices":[],"_links":{"self":[{"href":"https:\/\/games.tactic.net\/no\/wp-json\/wp\/v2\/product\/1360729","targetHints":{"allow":["GET"]}}],"collection":[{"href":"https:\/\/games.tactic.net\/no\/wp-json\/wp\/v2\/product"}],"about":[{"href":"https:\/\/games.tactic.net\/no\/wp-json\/wp\/v2\/types\/product"}],"wp:attachment":[{"href":"https:\/\/games.tactic.net\/no\/wp-json\/wp\/v2\/media?parent=1360729"}],"wp:term":[{"taxonomy":"product_brand","embeddable":true,"href":"https:\/\/games.tactic.net\/no\/wp-json\/wp\/v2\/product_brand?post=1360729"},{"taxonomy":"product_cat","embeddable":true,"href":"https:\/\/games.tactic.net\/no\/wp-json\/wp\/v2\/product_cat?post=1360729"},{"taxonomy":"product_tag","embeddable":true,"href":"https:\/\/games.tactic.net\/no\/wp-json\/wp\/v2\/product_tag?post=1360729"},{"taxonomy":"brand","embeddable":true,"href":"https:\/\/games.tactic.net\/no\/wp-json\/wp\/v2\/brand?post=1360729"},{"taxonomy":"target-group","embeddable":true,"href":"https:\/\/games.tactic.net\/no\/wp-json\/wp\/v2\/target-group?post=1360729"},{"taxonomy":"discontinued","embeddable":true,"href":"https:\/\/games.tactic.net\/no\/wp-json\/wp\/v2\/discontinued?post=1360729"}],"curies":[{"name":"wp","href":"https:\/\/api.w.org\/{rel}","templated":true}]}}