{"id":1360726,"date":"2024-05-13T09:09:08","date_gmt":"2024-05-13T06:09:08","guid":{"rendered":"https:\/\/games.tactic.net\/tuote\/ses-fun-leire-bondegardsdyr-3x90-gr-1x40-gr\/"},"modified":"2024-05-13T09:09:08","modified_gmt":"2024-05-13T06:09:08","slug":"ses-fun-leire-bondegardsdyr-3x90-gr-1x40-gr","status":"publish","type":"product","link":"https:\/\/games.tactic.net\/no\/tuote\/ses-fun-leire-bondegardsdyr-3x90-gr-1x40-gr\/","title":{"rendered":"Fun leire bondeg\u00e5rdsdyr 3&#215;90 gr &#8211; 1&#215;40 gr"},"content":{"rendered":"<p>Lag morsomme bondeg\u00e5rdsdyr! Scann QR-koden p\u00e5 pakken, og l\u00e6r hvordan det gj\u00f8res. Fra 3+.<\/p>\n<p>SES sitt brede utvalg av hobbyprodukter handler om moro, lek, l\u00e6ring, sikkerhet og det \u00e5 la barna slippe kreativiteten l\u00f8s.<\/p>\n","protected":false},"excerpt":{"rendered":"<p>Lag morsomme bondeg\u00e5rdsdyr! Scann QR-koden p\u00e5 pakken, og l\u00e6r hvordan det gj\u00f8res. Fra 3+. SES sitt brede utvalg av hobbyprodukter handler om moro, lek, l\u00e6ring, sikkerhet og det \u00e5 la barna slippe kreativiteten l\u00f8s.<\/p>\n","protected":false},"featured_media":0,"template":"","meta":{"content-type":"","_monsterinsights_skip_tracking":false,"_monsterinsights_sitenote_active":false,"_monsterinsights_sitenote_note":"","_monsterinsights_sitenote_category":0},"product_brand":[],"product_cat":[2131],"product_tag":[],"brand":[],"target-group":[],"discontinued":[],"class_list":{"0":"post-1360726","1":"product","2":"type-product","3":"status-publish","5":"product_cat-ses","7":"first","8":"instock","9":"taxable","10":"shipping-taxable","11":"product-type-simple"},"aioseo_notices":[],"_links":{"self":[{"href":"https:\/\/games.tactic.net\/no\/wp-json\/wp\/v2\/product\/1360726","targetHints":{"allow":["GET"]}}],"collection":[{"href":"https:\/\/games.tactic.net\/no\/wp-json\/wp\/v2\/product"}],"about":[{"href":"https:\/\/games.tactic.net\/no\/wp-json\/wp\/v2\/types\/product"}],"wp:attachment":[{"href":"https:\/\/games.tactic.net\/no\/wp-json\/wp\/v2\/media?parent=1360726"}],"wp:term":[{"taxonomy":"product_brand","embeddable":true,"href":"https:\/\/games.tactic.net\/no\/wp-json\/wp\/v2\/product_brand?post=1360726"},{"taxonomy":"product_cat","embeddable":true,"href":"https:\/\/games.tactic.net\/no\/wp-json\/wp\/v2\/product_cat?post=1360726"},{"taxonomy":"product_tag","embeddable":true,"href":"https:\/\/games.tactic.net\/no\/wp-json\/wp\/v2\/product_tag?post=1360726"},{"taxonomy":"brand","embeddable":true,"href":"https:\/\/games.tactic.net\/no\/wp-json\/wp\/v2\/brand?post=1360726"},{"taxonomy":"target-group","embeddable":true,"href":"https:\/\/games.tactic.net\/no\/wp-json\/wp\/v2\/target-group?post=1360726"},{"taxonomy":"discontinued","embeddable":true,"href":"https:\/\/games.tactic.net\/no\/wp-json\/wp\/v2\/discontinued?post=1360726"}],"curies":[{"name":"wp","href":"https:\/\/api.w.org\/{rel}","templated":true}]}}