{"id":1360724,"date":"2024-05-13T09:08:58","date_gmt":"2024-05-13T06:08:58","guid":{"rendered":"https:\/\/games.tactic.net\/tuote\/ses-blasetusj-m-3-hundefigurer\/"},"modified":"2024-11-20T12:03:24","modified_gmt":"2024-11-20T10:03:24","slug":"ses-blasetusj-m-3-hundefigurer","status":"publish","type":"product","link":"https:\/\/games.tactic.net\/no\/tuote\/ses-blasetusj-m-3-hundefigurer\/","title":{"rendered":"Bl\u00e5setusj m.3 hundefigurer"},"content":{"rendered":"<p>Dekorer de s\u00f8te hundene med bl\u00e5setusjen. Vask dem, og dekorer p\u00e5 nytt. Fra 5+. <\/p>\n<p>SES sitt brede utvalg av hobbyprodukter handler om moro, lek, l\u00e6ring, sikkerhet og det \u00e5 la barna slippe kreativiteten l\u00f8s.<\/p>\n","protected":false},"excerpt":{"rendered":"<p>Dekorer de s\u00f8te hundene med bl\u00e5setusjen. Vask dem, og dekorer p\u00e5 nytt. Fra 5+. SES sitt brede utvalg av hobbyprodukter handler om moro, lek, l\u00e6ring, sikkerhet og det \u00e5 la barna slippe kreativiteten l\u00f8s.<\/p>\n","protected":false},"featured_media":0,"template":"","meta":{"content-type":"","_monsterinsights_skip_tracking":false,"_monsterinsights_sitenote_active":false,"_monsterinsights_sitenote_note":"","_monsterinsights_sitenote_category":0},"product_brand":[],"product_cat":[2131],"product_tag":[],"brand":[],"target-group":[],"discontinued":[],"class_list":{"0":"post-1360724","1":"product","2":"type-product","3":"status-publish","5":"product_cat-ses","7":"first","8":"instock","9":"taxable","10":"shipping-taxable","11":"product-type-simple"},"aioseo_notices":[],"_links":{"self":[{"href":"https:\/\/games.tactic.net\/no\/wp-json\/wp\/v2\/product\/1360724","targetHints":{"allow":["GET"]}}],"collection":[{"href":"https:\/\/games.tactic.net\/no\/wp-json\/wp\/v2\/product"}],"about":[{"href":"https:\/\/games.tactic.net\/no\/wp-json\/wp\/v2\/types\/product"}],"wp:attachment":[{"href":"https:\/\/games.tactic.net\/no\/wp-json\/wp\/v2\/media?parent=1360724"}],"wp:term":[{"taxonomy":"product_brand","embeddable":true,"href":"https:\/\/games.tactic.net\/no\/wp-json\/wp\/v2\/product_brand?post=1360724"},{"taxonomy":"product_cat","embeddable":true,"href":"https:\/\/games.tactic.net\/no\/wp-json\/wp\/v2\/product_cat?post=1360724"},{"taxonomy":"product_tag","embeddable":true,"href":"https:\/\/games.tactic.net\/no\/wp-json\/wp\/v2\/product_tag?post=1360724"},{"taxonomy":"brand","embeddable":true,"href":"https:\/\/games.tactic.net\/no\/wp-json\/wp\/v2\/brand?post=1360724"},{"taxonomy":"target-group","embeddable":true,"href":"https:\/\/games.tactic.net\/no\/wp-json\/wp\/v2\/target-group?post=1360724"},{"taxonomy":"discontinued","embeddable":true,"href":"https:\/\/games.tactic.net\/no\/wp-json\/wp\/v2\/discontinued?post=1360724"}],"curies":[{"name":"wp","href":"https:\/\/api.w.org\/{rel}","templated":true}]}}