{"id":1360713,"date":"2024-05-08T10:09:00","date_gmt":"2024-05-08T07:09:00","guid":{"rendered":"https:\/\/games.tactic.net\/tuote\/mb-sprinter-with-working-platform-ls-module\/"},"modified":"2024-05-08T10:09:00","modified_gmt":"2024-05-08T07:09:00","slug":"mb-sprinter-with-working-platform-ls-module","status":"publish","type":"product","link":"https:\/\/games.tactic.net\/no\/tuote\/mb-sprinter-with-working-platform-ls-module\/","title":{"rendered":"Bruder Mercedes-Benz Sprinter med arbeidsplattform og lys &#038; lyd lekesett"},"content":{"rendered":"<p>Banebrytende, effektiv, p\u00e5litelig \u2013 slik beskriver Mercedes-Benz nye Sprinter. BRUDERs nyeste variant er Sprinter med arbeidsplattform. Mobile arbeidsplattformer trengs i h\u00f8yden \u2013 f.eks. ved tr\u00e6r, gatelys eller trafikkskilt. BRUDERs plattform l\u00f8fter hver bworld-figur trygt opptil 70 cm! Takket v\u00e6re integrert teknologi holder personkurven seg horisontal n\u00e5r bommen forlenges. Kj\u00f8ret\u00f8yet sikres med 4 uttrekkbare st\u00f8tteben, og 4 kjegler f\u00f8lger med for avsperring. D\u00f8rer kan \u00e5pnes, og lys- og lydmodul er allerede installert for sikkerhet og synlighet.<\/p>\n","protected":false},"excerpt":{"rendered":"<p>Mercedes-Benz Sprinter arbeidsbil med lift. Hever figurer opp til 70 cm, alltid horisontal kurv. Lys- og lydmodul inkludert. Stabilisering med st\u00f8tteben.<\/p>\n","protected":false},"featured_media":0,"template":"","meta":{"content-type":"","_monsterinsights_skip_tracking":false,"_monsterinsights_sitenote_active":false,"_monsterinsights_sitenote_note":"","_monsterinsights_sitenote_category":0},"product_brand":[],"product_cat":[1705],"product_tag":[],"brand":[],"target-group":[],"discontinued":[],"class_list":{"0":"post-1360713","1":"product","2":"type-product","3":"status-publish","5":"product_cat-bruder-leker","7":"first","8":"instock","9":"taxable","10":"shipping-taxable","11":"product-type-simple"},"aioseo_notices":[],"_links":{"self":[{"href":"https:\/\/games.tactic.net\/no\/wp-json\/wp\/v2\/product\/1360713","targetHints":{"allow":["GET"]}}],"collection":[{"href":"https:\/\/games.tactic.net\/no\/wp-json\/wp\/v2\/product"}],"about":[{"href":"https:\/\/games.tactic.net\/no\/wp-json\/wp\/v2\/types\/product"}],"wp:attachment":[{"href":"https:\/\/games.tactic.net\/no\/wp-json\/wp\/v2\/media?parent=1360713"}],"wp:term":[{"taxonomy":"product_brand","embeddable":true,"href":"https:\/\/games.tactic.net\/no\/wp-json\/wp\/v2\/product_brand?post=1360713"},{"taxonomy":"product_cat","embeddable":true,"href":"https:\/\/games.tactic.net\/no\/wp-json\/wp\/v2\/product_cat?post=1360713"},{"taxonomy":"product_tag","embeddable":true,"href":"https:\/\/games.tactic.net\/no\/wp-json\/wp\/v2\/product_tag?post=1360713"},{"taxonomy":"brand","embeddable":true,"href":"https:\/\/games.tactic.net\/no\/wp-json\/wp\/v2\/brand?post=1360713"},{"taxonomy":"target-group","embeddable":true,"href":"https:\/\/games.tactic.net\/no\/wp-json\/wp\/v2\/target-group?post=1360713"},{"taxonomy":"discontinued","embeddable":true,"href":"https:\/\/games.tactic.net\/no\/wp-json\/wp\/v2\/discontinued?post=1360713"}],"curies":[{"name":"wp","href":"https:\/\/api.w.org\/{rel}","templated":true}]}}