{"id":1360711,"date":"2024-05-08T09:09:20","date_gmt":"2024-05-08T06:09:20","guid":{"rendered":"https:\/\/games.tactic.net\/tuote\/teddy-dogs-lekesett-19x21x23cm\/"},"modified":"2024-05-08T09:09:20","modified_gmt":"2024-05-08T06:09:20","slug":"teddy-dogs-lekesett-19x21x23cm","status":"publish","type":"product","link":"https:\/\/games.tactic.net\/no\/tuote\/teddy-dogs-lekesett-19x21x23cm\/","title":{"rendered":"Teddy Dogs lekesett 19x21x23cm"},"content":{"rendered":"<p>Et nyskapende lekesett med en hund i et sjarmerende hundehus, komplett med et bein, en sk\u00e5l og en ball \u2013 perfekt for \u00e5 gi barn en unik og morsom lekeopplevelse. Lekesettet er  i plysj ,med fokus p\u00e5 omsorg for en skj\u00f8nn hund. Kan vaskes p\u00e5 40 grader. Godkjent fra 0+.<\/p>\n<p>Teddy Kompaniet har produsert h\u00f8ykvalitets og trygge kosedyr i tretti \u00e5r. Et leket\u00f8y designet i Sverige er en livslang venn fra generasjon til generasjon.<\/p>\n","protected":false},"excerpt":{"rendered":"<p>Et nyskapende lekesett med en hund i et sjarmerende hundehus, komplett med et bein, en sk\u00e5l og en ball \u2013 perfekt for \u00e5 gi barn en unik og morsom lekeopplevelse. Lekesettet er i plysj ,med fokus p\u00e5 omsorg for en skj\u00f8nn hund. Kan vaskes p\u00e5 40 grader. Godkjent fra 0+. Teddy Kompaniet har produsert h\u00f8ykvalitets [&hellip;]<\/p>\n","protected":false},"featured_media":0,"template":"","meta":{"content-type":"","_monsterinsights_skip_tracking":false,"_monsterinsights_sitenote_active":false,"_monsterinsights_sitenote_note":"","_monsterinsights_sitenote_category":0},"product_brand":[],"product_cat":[2048],"product_tag":[],"brand":[],"target-group":[],"discontinued":[],"class_list":{"0":"post-1360711","1":"product","2":"type-product","3":"status-publish","5":"product_cat-teddykompaniet","7":"first","8":"outofstock","9":"taxable","10":"shipping-taxable","11":"product-type-simple"},"aioseo_notices":[],"_links":{"self":[{"href":"https:\/\/games.tactic.net\/no\/wp-json\/wp\/v2\/product\/1360711","targetHints":{"allow":["GET"]}}],"collection":[{"href":"https:\/\/games.tactic.net\/no\/wp-json\/wp\/v2\/product"}],"about":[{"href":"https:\/\/games.tactic.net\/no\/wp-json\/wp\/v2\/types\/product"}],"wp:attachment":[{"href":"https:\/\/games.tactic.net\/no\/wp-json\/wp\/v2\/media?parent=1360711"}],"wp:term":[{"taxonomy":"product_brand","embeddable":true,"href":"https:\/\/games.tactic.net\/no\/wp-json\/wp\/v2\/product_brand?post=1360711"},{"taxonomy":"product_cat","embeddable":true,"href":"https:\/\/games.tactic.net\/no\/wp-json\/wp\/v2\/product_cat?post=1360711"},{"taxonomy":"product_tag","embeddable":true,"href":"https:\/\/games.tactic.net\/no\/wp-json\/wp\/v2\/product_tag?post=1360711"},{"taxonomy":"brand","embeddable":true,"href":"https:\/\/games.tactic.net\/no\/wp-json\/wp\/v2\/brand?post=1360711"},{"taxonomy":"target-group","embeddable":true,"href":"https:\/\/games.tactic.net\/no\/wp-json\/wp\/v2\/target-group?post=1360711"},{"taxonomy":"discontinued","embeddable":true,"href":"https:\/\/games.tactic.net\/no\/wp-json\/wp\/v2\/discontinued?post=1360711"}],"curies":[{"name":"wp","href":"https:\/\/api.w.org\/{rel}","templated":true}]}}