{"id":1360565,"date":"2024-05-06T15:28:02","date_gmt":"2024-05-06T12:28:02","guid":{"rendered":"https:\/\/games.tactic.net\/tuote\/fantorangen-pivi-far-lus-fri\/"},"modified":"2024-05-06T15:28:02","modified_gmt":"2024-05-06T12:28:02","slug":"fantorangen-pivi-far-lus-fri","status":"publish","type":"product","link":"https:\/\/games.tactic.net\/no\/tuote\/fantorangen-pivi-far-lus-fri\/","title":{"rendered":"Fantorangen pivi f\u00e5r lus fri"},"content":{"rendered":"<p>Pivi har f\u00e5tt lus og kl\u00f8r s\u00e5 f\u00e6lt i fj\u00e6rene. Tante Liss kommer med lusekam og forst\u00f8rrelsesglass og vil gj\u00f8re en lusesjekk, men Pivi syns b\u00e5de lusekam og lusekur h\u00f8res litt skummelt ut. Kanskje Fantorangen heller kan st\u00f8vsuge bort lusene? Eller skremme dem vekk med et kraftig trompetst\u00f8t? Til slutt f\u00e5r endelig tante Liss sjekket. Kammen er ikke s\u00e5 vond som han var redd for og lusekur lukter i grunnen ganske godt. Endelig slutter det \u00e5 kl\u00f8 i fj\u00e6rene! Men hvorfor kl\u00f8r plutselig tante Liss?<\/p>\n","protected":false},"excerpt":{"rendered":"<p>Pivi har f\u00e5tt lus og kl\u00f8r s\u00e5 f\u00e6lt i fj\u00e6rene. Tante Liss kommer med lusekam og forst\u00f8rrelsesglass og vil gj\u00f8re en lusesjekk, men Pivi syns b\u00e5de lusekam og lusekur h\u00f8res litt skummelt ut. Kanskje Fantorangen heller kan st\u00f8vsuge bort lusene? Eller skremme dem vekk med et kraftig trompetst\u00f8t? Til slutt f\u00e5r endelig tante Liss sjekket. [&hellip;]<\/p>\n","protected":false},"featured_media":0,"template":"","meta":{"content-type":"","_monsterinsights_skip_tracking":false,"_monsterinsights_sitenote_active":false,"_monsterinsights_sitenote_note":"","_monsterinsights_sitenote_category":0},"product_brand":[],"product_cat":[1698],"product_tag":[],"brand":[],"target-group":[],"discontinued":[],"class_list":{"0":"post-1360565","1":"product","2":"type-product","3":"status-publish","5":"product_cat-eventyr-og-billedboker","7":"first","8":"instock","9":"taxable","10":"shipping-taxable","11":"product-type-simple"},"aioseo_notices":[],"_links":{"self":[{"href":"https:\/\/games.tactic.net\/no\/wp-json\/wp\/v2\/product\/1360565","targetHints":{"allow":["GET"]}}],"collection":[{"href":"https:\/\/games.tactic.net\/no\/wp-json\/wp\/v2\/product"}],"about":[{"href":"https:\/\/games.tactic.net\/no\/wp-json\/wp\/v2\/types\/product"}],"wp:attachment":[{"href":"https:\/\/games.tactic.net\/no\/wp-json\/wp\/v2\/media?parent=1360565"}],"wp:term":[{"taxonomy":"product_brand","embeddable":true,"href":"https:\/\/games.tactic.net\/no\/wp-json\/wp\/v2\/product_brand?post=1360565"},{"taxonomy":"product_cat","embeddable":true,"href":"https:\/\/games.tactic.net\/no\/wp-json\/wp\/v2\/product_cat?post=1360565"},{"taxonomy":"product_tag","embeddable":true,"href":"https:\/\/games.tactic.net\/no\/wp-json\/wp\/v2\/product_tag?post=1360565"},{"taxonomy":"brand","embeddable":true,"href":"https:\/\/games.tactic.net\/no\/wp-json\/wp\/v2\/brand?post=1360565"},{"taxonomy":"target-group","embeddable":true,"href":"https:\/\/games.tactic.net\/no\/wp-json\/wp\/v2\/target-group?post=1360565"},{"taxonomy":"discontinued","embeddable":true,"href":"https:\/\/games.tactic.net\/no\/wp-json\/wp\/v2\/discontinued?post=1360565"}],"curies":[{"name":"wp","href":"https:\/\/api.w.org\/{rel}","templated":true}]}}