{"id":1360513,"date":"2024-05-03T16:11:53","date_gmt":"2024-05-03T13:11:53","guid":{"rendered":"https:\/\/games.tactic.net\/tuote\/lumo-stars-labradoodle-poppy-classic\/"},"modified":"2024-08-26T14:23:56","modified_gmt":"2024-08-26T11:23:56","slug":"lumo-stars-labradoodle-poppy-classic","status":"archive","type":"product","link":"https:\/\/games.tactic.net\/no\/tuote\/lumo-stars-labradoodle-poppy-classic\/","title":{"rendered":"Lumo Stars Labradoodle Poppy classic plush"},"content":{"rendered":"<p>Ingen kan motst\u00e5 de s\u00f8te Lumo Stars Puppies hundene. I produktlinjen finner du de mest popul\u00e6re hunderaser og tilbeh\u00f8r for valpestell.<\/p>\n","protected":false},"excerpt":{"rendered":"<p>Ingen kan motst\u00e5 de s\u00f8te Lumo Stars Puppies hundene. I produktlinjen finner du de mest popul\u00e6re hunderaser og tilbeh\u00f8r for valpestell.<\/p>\n","protected":false},"featured_media":0,"template":"","meta":{"content-type":"","_monsterinsights_skip_tracking":false,"_monsterinsights_sitenote_active":false,"_monsterinsights_sitenote_note":"","_monsterinsights_sitenote_category":0},"product_brand":[],"product_cat":[1679],"product_tag":[],"brand":[],"target-group":[],"discontinued":[],"class_list":{"0":"post-1360513","1":"product","2":"type-product","3":"status-archive","5":"product_cat-classic-plysj-kosedyr","7":"first","8":"instock","9":"taxable","10":"shipping-taxable","11":"product-type-simple"},"aioseo_notices":[],"_links":{"self":[{"href":"https:\/\/games.tactic.net\/no\/wp-json\/wp\/v2\/product\/1360513","targetHints":{"allow":["GET"]}}],"collection":[{"href":"https:\/\/games.tactic.net\/no\/wp-json\/wp\/v2\/product"}],"about":[{"href":"https:\/\/games.tactic.net\/no\/wp-json\/wp\/v2\/types\/product"}],"wp:attachment":[{"href":"https:\/\/games.tactic.net\/no\/wp-json\/wp\/v2\/media?parent=1360513"}],"wp:term":[{"taxonomy":"product_brand","embeddable":true,"href":"https:\/\/games.tactic.net\/no\/wp-json\/wp\/v2\/product_brand?post=1360513"},{"taxonomy":"product_cat","embeddable":true,"href":"https:\/\/games.tactic.net\/no\/wp-json\/wp\/v2\/product_cat?post=1360513"},{"taxonomy":"product_tag","embeddable":true,"href":"https:\/\/games.tactic.net\/no\/wp-json\/wp\/v2\/product_tag?post=1360513"},{"taxonomy":"brand","embeddable":true,"href":"https:\/\/games.tactic.net\/no\/wp-json\/wp\/v2\/brand?post=1360513"},{"taxonomy":"target-group","embeddable":true,"href":"https:\/\/games.tactic.net\/no\/wp-json\/wp\/v2\/target-group?post=1360513"},{"taxonomy":"discontinued","embeddable":true,"href":"https:\/\/games.tactic.net\/no\/wp-json\/wp\/v2\/discontinued?post=1360513"}],"curies":[{"name":"wp","href":"https:\/\/api.w.org\/{rel}","templated":true}]}}