{"id":1359982,"date":"2024-04-09T09:24:58","date_gmt":"2024-04-09T06:24:58","guid":{"rendered":"https:\/\/games.tactic.net\/tuote\/ses-my-first-sett-m-maleforkle-og-fingermaling\/"},"modified":"2024-12-04T15:38:34","modified_gmt":"2024-12-04T13:38:34","slug":"ses-my-first-sett-m-maleforkle-og-fingermaling","status":"archive","type":"product","link":"https:\/\/games.tactic.net\/no\/tuote\/ses-my-first-sett-m-maleforkle-og-fingermaling\/","title":{"rendered":"My first sett m.maleforkle og fingermaling"},"content":{"rendered":"<p>Et flott gavesett med maleforkle, og fingermaling i 4 flotte farger. Perfekt for kreativ lek i timevis. Fra 1+.<\/p>\n<p>SES sitt brede utvalg av hobbyprodukter handler om moro, lek, l\u00e6ring, sikkerhet og det \u00e5 la barna slippe kreativiteten l\u00f8s.<\/p>\n","protected":false},"excerpt":{"rendered":"<p>Et flott gavesett med maleforkle, og fingermaling i 4 flotte farger. Perfekt for kreativ lek i timevis. Fra 1+. SES sitt brede utvalg av hobbyprodukter handler om moro, lek, l\u00e6ring, sikkerhet og det \u00e5 la barna slippe kreativiteten l\u00f8s.<\/p>\n","protected":false},"featured_media":0,"template":"","meta":{"content-type":"","_monsterinsights_skip_tracking":false,"_monsterinsights_sitenote_active":false,"_monsterinsights_sitenote_note":"","_monsterinsights_sitenote_category":0},"product_brand":[],"product_cat":[2131],"product_tag":[],"brand":[],"target-group":[],"discontinued":[],"class_list":{"0":"post-1359982","1":"product","2":"type-product","3":"status-archive","5":"product_cat-ses","7":"first","8":"outofstock","9":"taxable","10":"shipping-taxable","11":"product-type-simple"},"aioseo_notices":[],"_links":{"self":[{"href":"https:\/\/games.tactic.net\/no\/wp-json\/wp\/v2\/product\/1359982","targetHints":{"allow":["GET"]}}],"collection":[{"href":"https:\/\/games.tactic.net\/no\/wp-json\/wp\/v2\/product"}],"about":[{"href":"https:\/\/games.tactic.net\/no\/wp-json\/wp\/v2\/types\/product"}],"wp:attachment":[{"href":"https:\/\/games.tactic.net\/no\/wp-json\/wp\/v2\/media?parent=1359982"}],"wp:term":[{"taxonomy":"product_brand","embeddable":true,"href":"https:\/\/games.tactic.net\/no\/wp-json\/wp\/v2\/product_brand?post=1359982"},{"taxonomy":"product_cat","embeddable":true,"href":"https:\/\/games.tactic.net\/no\/wp-json\/wp\/v2\/product_cat?post=1359982"},{"taxonomy":"product_tag","embeddable":true,"href":"https:\/\/games.tactic.net\/no\/wp-json\/wp\/v2\/product_tag?post=1359982"},{"taxonomy":"brand","embeddable":true,"href":"https:\/\/games.tactic.net\/no\/wp-json\/wp\/v2\/brand?post=1359982"},{"taxonomy":"target-group","embeddable":true,"href":"https:\/\/games.tactic.net\/no\/wp-json\/wp\/v2\/target-group?post=1359982"},{"taxonomy":"discontinued","embeddable":true,"href":"https:\/\/games.tactic.net\/no\/wp-json\/wp\/v2\/discontinued?post=1359982"}],"curies":[{"name":"wp","href":"https:\/\/api.w.org\/{rel}","templated":true}]}}