{"id":1359980,"date":"2024-04-09T09:16:22","date_gmt":"2024-04-09T06:16:22","guid":{"rendered":"https:\/\/games.tactic.net\/tuote\/teddy-kompaniet-dino-rex-25-cm-bla\/"},"modified":"2024-04-09T09:16:22","modified_gmt":"2024-04-09T06:16:22","slug":"teddy-kompaniet-dino-rex-25-cm-bla","status":"publish","type":"product","link":"https:\/\/games.tactic.net\/no\/tuote\/teddy-kompaniet-dino-rex-25-cm-bla\/","title":{"rendered":"Dino Rex 25 cm bl\u00e5"},"content":{"rendered":"<p>Dinoen Rexi har en myk, deilig pels, og fine farger. Kan vaskes p\u00e5 40 grader. Godkjent fra 0+.<\/p>\n<p>Teddy Kompaniet har produsert h\u00f8ykvalitets og trygge kosedyr i tretti \u00e5r. Et leket\u00f8y designet i Sverige er en livslang venn fra generasjon til generasjon. Teddy Kompaniet tilbyr et omfattende utvalg av s\u00f8te og kosete plysjleker. Utvalget inkluderer myke dyr, smokkelenker, spilled\u00e5ser, h\u00e5nddukker og mye mer.<\/p>\n","protected":false},"excerpt":{"rendered":"<p>Dinoen Rexi har en myk, deilig pels, og fine farger. Kan vaskes p\u00e5 40 grader. Godkjent fra 0+. Teddy Kompaniet har produsert h\u00f8ykvalitets og trygge kosedyr i tretti \u00e5r. Et leket\u00f8y designet i Sverige er en livslang venn fra generasjon til generasjon. Teddy Kompaniet tilbyr et omfattende utvalg av s\u00f8te og kosete plysjleker. Utvalget inkluderer [&hellip;]<\/p>\n","protected":false},"featured_media":0,"template":"","meta":{"content-type":"","_monsterinsights_skip_tracking":false,"_monsterinsights_sitenote_active":false,"_monsterinsights_sitenote_note":"","_monsterinsights_sitenote_category":0},"product_brand":[],"product_cat":[2048],"product_tag":[],"brand":[],"target-group":[],"discontinued":[],"class_list":{"0":"post-1359980","1":"product","2":"type-product","3":"status-publish","5":"product_cat-teddykompaniet","7":"first","8":"instock","9":"taxable","10":"shipping-taxable","11":"product-type-simple"},"aioseo_notices":[],"_links":{"self":[{"href":"https:\/\/games.tactic.net\/no\/wp-json\/wp\/v2\/product\/1359980","targetHints":{"allow":["GET"]}}],"collection":[{"href":"https:\/\/games.tactic.net\/no\/wp-json\/wp\/v2\/product"}],"about":[{"href":"https:\/\/games.tactic.net\/no\/wp-json\/wp\/v2\/types\/product"}],"wp:attachment":[{"href":"https:\/\/games.tactic.net\/no\/wp-json\/wp\/v2\/media?parent=1359980"}],"wp:term":[{"taxonomy":"product_brand","embeddable":true,"href":"https:\/\/games.tactic.net\/no\/wp-json\/wp\/v2\/product_brand?post=1359980"},{"taxonomy":"product_cat","embeddable":true,"href":"https:\/\/games.tactic.net\/no\/wp-json\/wp\/v2\/product_cat?post=1359980"},{"taxonomy":"product_tag","embeddable":true,"href":"https:\/\/games.tactic.net\/no\/wp-json\/wp\/v2\/product_tag?post=1359980"},{"taxonomy":"brand","embeddable":true,"href":"https:\/\/games.tactic.net\/no\/wp-json\/wp\/v2\/brand?post=1359980"},{"taxonomy":"target-group","embeddable":true,"href":"https:\/\/games.tactic.net\/no\/wp-json\/wp\/v2\/target-group?post=1359980"},{"taxonomy":"discontinued","embeddable":true,"href":"https:\/\/games.tactic.net\/no\/wp-json\/wp\/v2\/discontinued?post=1359980"}],"curies":[{"name":"wp","href":"https:\/\/api.w.org\/{rel}","templated":true}]}}