{"id":1359866,"date":"2024-04-05T08:09:24","date_gmt":"2024-04-05T05:09:24","guid":{"rendered":"https:\/\/games.tactic.net\/tuote\/ses-badedyr-safari-14-ass\/"},"modified":"2024-10-30T15:26:49","modified_gmt":"2024-10-30T13:26:49","slug":"ses-badedyr-safari-14-ass","status":"archive","type":"product","link":"https:\/\/games.tactic.net\/no\/tuote\/ses-badedyr-safari-14-ass\/","title":{"rendered":"Badedyr safari 14 ass"},"content":{"rendered":"<p>Dra p\u00e5 safari med disse g\u00f8yale skumdyrene. De fester seg til veggen s\u00e5 fort de blir v\u00e5te. De t\u00f8rker fort, og er enkle \u00e5 fjerne. Fra 12m+.<\/p>\n<p>SES sitt brede utvalg av hobbyprodukter handler om moro, lek, l\u00e6ring, sikkerhet og det \u00e5 la barna slippe kreativiteten l\u00f8s.<\/p>\n","protected":false},"excerpt":{"rendered":"<p>Dra p\u00e5 safari med disse g\u00f8yale skumdyrene. De fester seg til veggen s\u00e5 fort de blir v\u00e5te. De t\u00f8rker fort, og er enkle \u00e5 fjerne. Fra 12m+. SES sitt brede utvalg av hobbyprodukter handler om moro, lek, l\u00e6ring, sikkerhet og det \u00e5 la barna slippe kreativiteten l\u00f8s.<\/p>\n","protected":false},"featured_media":0,"template":"","meta":{"content-type":"","_monsterinsights_skip_tracking":false,"_monsterinsights_sitenote_active":false,"_monsterinsights_sitenote_note":"","_monsterinsights_sitenote_category":0},"product_brand":[],"product_cat":[2131],"product_tag":[],"brand":[],"target-group":[],"discontinued":[],"class_list":{"0":"post-1359866","1":"product","2":"type-product","3":"status-archive","5":"product_cat-ses","7":"first","8":"outofstock","9":"taxable","10":"shipping-taxable","11":"product-type-simple"},"aioseo_notices":[],"_links":{"self":[{"href":"https:\/\/games.tactic.net\/no\/wp-json\/wp\/v2\/product\/1359866","targetHints":{"allow":["GET"]}}],"collection":[{"href":"https:\/\/games.tactic.net\/no\/wp-json\/wp\/v2\/product"}],"about":[{"href":"https:\/\/games.tactic.net\/no\/wp-json\/wp\/v2\/types\/product"}],"wp:attachment":[{"href":"https:\/\/games.tactic.net\/no\/wp-json\/wp\/v2\/media?parent=1359866"}],"wp:term":[{"taxonomy":"product_brand","embeddable":true,"href":"https:\/\/games.tactic.net\/no\/wp-json\/wp\/v2\/product_brand?post=1359866"},{"taxonomy":"product_cat","embeddable":true,"href":"https:\/\/games.tactic.net\/no\/wp-json\/wp\/v2\/product_cat?post=1359866"},{"taxonomy":"product_tag","embeddable":true,"href":"https:\/\/games.tactic.net\/no\/wp-json\/wp\/v2\/product_tag?post=1359866"},{"taxonomy":"brand","embeddable":true,"href":"https:\/\/games.tactic.net\/no\/wp-json\/wp\/v2\/brand?post=1359866"},{"taxonomy":"target-group","embeddable":true,"href":"https:\/\/games.tactic.net\/no\/wp-json\/wp\/v2\/target-group?post=1359866"},{"taxonomy":"discontinued","embeddable":true,"href":"https:\/\/games.tactic.net\/no\/wp-json\/wp\/v2\/discontinued?post=1359866"}],"curies":[{"name":"wp","href":"https:\/\/api.w.org\/{rel}","templated":true}]}}