{"id":1359849,"date":"2024-04-03T09:08:05","date_gmt":"2024-04-03T06:08:05","guid":{"rendered":"https:\/\/games.tactic.net\/tuote\/lumo-stars-bear-honey-big\/"},"modified":"2024-04-03T09:08:05","modified_gmt":"2024-04-03T06:08:05","slug":"lumo-stars-bear-honey-big","status":"publish","type":"product","link":"https:\/\/games.tactic.net\/no\/tuote\/lumo-stars-bear-honey-big\/","title":{"rendered":"Lumo Stars Bear Honey big plush"},"content":{"rendered":"<p>Lumo Stars Huge er en produktlinje full av imponerende store og utrolig kosete plysj med livlige farger og s\u00f8te design.<\/p>\n<p>Lumo Stars er en serie med absolutt bed\u00e5rende plysjdyr. De er fantastiske venner \u00e5 leke med, hver med sin egen personlighet og utseende. Plysjlekene kommer i forskjellige st\u00f8rrelser og har vakre farger inspirert av nordisk natur.<\/p>\n","protected":false},"excerpt":{"rendered":"<p>Lumo Stars Huge er en produktlinje full av imponerende store og utrolig kosete plysj med livlige farger og s\u00f8te design. Lumo Stars er en serie med absolutt bed\u00e5rende plysjdyr. De er fantastiske venner \u00e5 leke med, hver med sin egen personlighet og utseende. Plysjlekene kommer i forskjellige st\u00f8rrelser og har vakre farger inspirert av nordisk [&hellip;]<\/p>\n","protected":false},"featured_media":0,"template":"","meta":{"content-type":"","_monsterinsights_skip_tracking":false,"_monsterinsights_sitenote_active":false,"_monsterinsights_sitenote_note":"","_monsterinsights_sitenote_category":0},"product_brand":[],"product_cat":[1681],"product_tag":[1258],"brand":[{"id":1019,"name":"Lumo Stars","slug":"lumo-stars_no"}],"target-group":[],"discontinued":[],"class_list":{"0":"post-1359849","1":"product","2":"type-product","3":"status-publish","5":"product_cat-big-plysj-kosedyr","6":"product_tag-lumo-stars-no","7":"brand-lumo-stars_no","9":"first","10":"instock","11":"taxable","12":"shipping-taxable","13":"product-type-simple"},"aioseo_notices":[],"_links":{"self":[{"href":"https:\/\/games.tactic.net\/no\/wp-json\/wp\/v2\/product\/1359849","targetHints":{"allow":["GET"]}}],"collection":[{"href":"https:\/\/games.tactic.net\/no\/wp-json\/wp\/v2\/product"}],"about":[{"href":"https:\/\/games.tactic.net\/no\/wp-json\/wp\/v2\/types\/product"}],"wp:attachment":[{"href":"https:\/\/games.tactic.net\/no\/wp-json\/wp\/v2\/media?parent=1359849"}],"wp:term":[{"taxonomy":"product_brand","embeddable":true,"href":"https:\/\/games.tactic.net\/no\/wp-json\/wp\/v2\/product_brand?post=1359849"},{"taxonomy":"product_cat","embeddable":true,"href":"https:\/\/games.tactic.net\/no\/wp-json\/wp\/v2\/product_cat?post=1359849"},{"taxonomy":"product_tag","embeddable":true,"href":"https:\/\/games.tactic.net\/no\/wp-json\/wp\/v2\/product_tag?post=1359849"},{"taxonomy":"brand","embeddable":true,"href":"https:\/\/games.tactic.net\/no\/wp-json\/wp\/v2\/brand?post=1359849"},{"taxonomy":"target-group","embeddable":true,"href":"https:\/\/games.tactic.net\/no\/wp-json\/wp\/v2\/target-group?post=1359849"},{"taxonomy":"discontinued","embeddable":true,"href":"https:\/\/games.tactic.net\/no\/wp-json\/wp\/v2\/discontinued?post=1359849"}],"curies":[{"name":"wp","href":"https:\/\/api.w.org\/{rel}","templated":true}]}}