{"id":1359578,"date":"2024-03-22T16:09:19","date_gmt":"2024-03-22T14:09:19","guid":{"rendered":"https:\/\/games.tactic.net\/tuote\/sven-bamse-23-cm-beige-mini\/"},"modified":"2024-03-22T16:09:19","modified_gmt":"2024-03-22T14:09:19","slug":"sven-bamse-23-cm-beige-mini","status":"publish","type":"product","link":"https:\/\/games.tactic.net\/no\/tuote\/sven-bamse-23-cm-beige-mini\/","title":{"rendered":"Sven bamse 23 cm beige mini"},"content":{"rendered":"<p>Teddybj\u00f8rnen Sven mini finnes i tre vakre farger. Den er produsert av et Oeko-Tex sertifisert materiale og fyllet er av resirkulert plast. Han har en nese av brunt garn og m\u00f8rkebrune broderte \u00f8yne. H\u00f8rer til &laquo;Ecofriends-serien&raquo;. Kan vaskes p\u00e5 40 grader. Godkjent fra 0+.<\/p>\n<p>Teddy Kompaniet har produsert h\u00f8ykvalitets og trygge kosedyr i tretti \u00e5r. Et leket\u00f8y designet i Sverige er en livslang venn fra generasjon til generasjon.<\/p>\n","protected":false},"excerpt":{"rendered":"<p>Teddybj\u00f8rnen Sven mini finnes i tre vakre farger. Den er produsert av et Oeko-Tex sertifisert materiale og fyllet er av resirkulert plast. Han har en nese av brunt garn og m\u00f8rkebrune broderte \u00f8yne. H\u00f8rer til &laquo;Ecofriends-serien&raquo;. Kan vaskes p\u00e5 40 grader. Godkjent fra 0+. Teddy Kompaniet har produsert h\u00f8ykvalitets og trygge kosedyr i tretti \u00e5r. [&hellip;]<\/p>\n","protected":false},"featured_media":0,"template":"","meta":{"content-type":"","_monsterinsights_skip_tracking":false,"_monsterinsights_sitenote_active":false,"_monsterinsights_sitenote_note":"","_monsterinsights_sitenote_category":0},"product_brand":[],"product_cat":[2048],"product_tag":[],"brand":[],"target-group":[],"discontinued":[],"class_list":{"0":"post-1359578","1":"product","2":"type-product","3":"status-publish","5":"product_cat-teddykompaniet","7":"first","8":"outofstock","9":"taxable","10":"shipping-taxable","11":"product-type-simple"},"aioseo_notices":[],"_links":{"self":[{"href":"https:\/\/games.tactic.net\/no\/wp-json\/wp\/v2\/product\/1359578","targetHints":{"allow":["GET"]}}],"collection":[{"href":"https:\/\/games.tactic.net\/no\/wp-json\/wp\/v2\/product"}],"about":[{"href":"https:\/\/games.tactic.net\/no\/wp-json\/wp\/v2\/types\/product"}],"wp:attachment":[{"href":"https:\/\/games.tactic.net\/no\/wp-json\/wp\/v2\/media?parent=1359578"}],"wp:term":[{"taxonomy":"product_brand","embeddable":true,"href":"https:\/\/games.tactic.net\/no\/wp-json\/wp\/v2\/product_brand?post=1359578"},{"taxonomy":"product_cat","embeddable":true,"href":"https:\/\/games.tactic.net\/no\/wp-json\/wp\/v2\/product_cat?post=1359578"},{"taxonomy":"product_tag","embeddable":true,"href":"https:\/\/games.tactic.net\/no\/wp-json\/wp\/v2\/product_tag?post=1359578"},{"taxonomy":"brand","embeddable":true,"href":"https:\/\/games.tactic.net\/no\/wp-json\/wp\/v2\/brand?post=1359578"},{"taxonomy":"target-group","embeddable":true,"href":"https:\/\/games.tactic.net\/no\/wp-json\/wp\/v2\/target-group?post=1359578"},{"taxonomy":"discontinued","embeddable":true,"href":"https:\/\/games.tactic.net\/no\/wp-json\/wp\/v2\/discontinued?post=1359578"}],"curies":[{"name":"wp","href":"https:\/\/api.w.org\/{rel}","templated":true}]}}