{"id":1359125,"date":"2024-02-28T09:36:59","date_gmt":"2024-02-28T07:36:59","guid":{"rendered":"https:\/\/games.tactic.net\/tuote\/froken-kanin-18-cm\/"},"modified":"2024-08-01T15:33:11","modified_gmt":"2024-08-01T12:33:11","slug":"froken-kanin-18-cm","status":"archive","type":"product","link":"https:\/\/games.tactic.net\/no\/tuote\/froken-kanin-18-cm\/","title":{"rendered":"FR\u00d8KEN KANIN 18 CM"},"content":{"rendered":"<p>Fr\u00f8ken kanin er et mykt og herlig kosedyr. Fra de popul\u00e6re barneb\u00f8kene og filmen om Karsten &amp; Petra som er bestevenner!<\/p>\n","protected":false},"excerpt":{"rendered":"<p>18 cm<\/p>\n","protected":false},"featured_media":0,"template":"","meta":{"content-type":"","_monsterinsights_skip_tracking":false,"_monsterinsights_sitenote_active":false,"_monsterinsights_sitenote_note":"","_monsterinsights_sitenote_category":0},"product_brand":[],"product_cat":[2086],"product_tag":[],"brand":[],"target-group":[],"discontinued":[],"class_list":{"0":"post-1359125","1":"product","2":"type-product","3":"status-archive","5":"product_cat-norske-lisenser","7":"first","8":"outofstock","9":"taxable","10":"shipping-taxable","11":"product-type-simple"},"aioseo_notices":[],"_links":{"self":[{"href":"https:\/\/games.tactic.net\/no\/wp-json\/wp\/v2\/product\/1359125","targetHints":{"allow":["GET"]}}],"collection":[{"href":"https:\/\/games.tactic.net\/no\/wp-json\/wp\/v2\/product"}],"about":[{"href":"https:\/\/games.tactic.net\/no\/wp-json\/wp\/v2\/types\/product"}],"wp:attachment":[{"href":"https:\/\/games.tactic.net\/no\/wp-json\/wp\/v2\/media?parent=1359125"}],"wp:term":[{"taxonomy":"product_brand","embeddable":true,"href":"https:\/\/games.tactic.net\/no\/wp-json\/wp\/v2\/product_brand?post=1359125"},{"taxonomy":"product_cat","embeddable":true,"href":"https:\/\/games.tactic.net\/no\/wp-json\/wp\/v2\/product_cat?post=1359125"},{"taxonomy":"product_tag","embeddable":true,"href":"https:\/\/games.tactic.net\/no\/wp-json\/wp\/v2\/product_tag?post=1359125"},{"taxonomy":"brand","embeddable":true,"href":"https:\/\/games.tactic.net\/no\/wp-json\/wp\/v2\/brand?post=1359125"},{"taxonomy":"target-group","embeddable":true,"href":"https:\/\/games.tactic.net\/no\/wp-json\/wp\/v2\/target-group?post=1359125"},{"taxonomy":"discontinued","embeddable":true,"href":"https:\/\/games.tactic.net\/no\/wp-json\/wp\/v2\/discontinued?post=1359125"}],"curies":[{"name":"wp","href":"https:\/\/api.w.org\/{rel}","templated":true}]}}