{"id":1358031,"date":"2023-12-20T16:09:53","date_gmt":"2023-12-20T14:09:53","guid":{"rendered":"https:\/\/games.tactic.net\/tuote\/smart-games-diamond-quest\/"},"modified":"2023-12-20T16:09:53","modified_gmt":"2023-12-20T14:09:53","slug":"smart-games-diamond-quest","status":"publish","type":"product","link":"https:\/\/games.tactic.net\/no\/tuote\/smart-games-diamond-quest\/","title":{"rendered":"Diamond Quest"},"content":{"rendered":"<p>F\u00f8lg hintene \u2013 finn diamantene! F\u00e5 inn i diamantgruven og start graving etter alle juvelene helt til du lokaliserer den r\u00f8de diamanten. Bruk informasjonen du f\u00e5r i form av hint underveis. Det finnes bare en l\u00f8sning! 80 oppgaver fra lett til ekspert.<\/p>\n","protected":false},"excerpt":{"rendered":"<p>F\u00f8lg hintene \u2013 finn diamantene! F\u00e5 inn i diamantgruven og start graving etter alle juvelene helt til du lokaliserer den r\u00f8de diamanten. Bruk informasjonen du f\u00e5r i form av hint underveis. Det finnes bare en l\u00f8sning! 80 oppgaver fra lett til ekspert.<\/p>\n","protected":false},"featured_media":0,"template":"","meta":{"content-type":"","_monsterinsights_skip_tracking":false,"_monsterinsights_sitenote_active":false,"_monsterinsights_sitenote_note":"","_monsterinsights_sitenote_category":0},"product_brand":[],"product_cat":[1607,1456],"product_tag":[],"brand":[],"target-group":[],"discontinued":[],"class_list":{"0":"post-1358031","1":"product","2":"type-product","3":"status-publish","5":"product_cat-barnespill","6":"product_cat-strategispill-familiespill","8":"first","9":"instock","10":"taxable","11":"shipping-taxable","12":"product-type-simple"},"aioseo_notices":[],"_links":{"self":[{"href":"https:\/\/games.tactic.net\/no\/wp-json\/wp\/v2\/product\/1358031","targetHints":{"allow":["GET"]}}],"collection":[{"href":"https:\/\/games.tactic.net\/no\/wp-json\/wp\/v2\/product"}],"about":[{"href":"https:\/\/games.tactic.net\/no\/wp-json\/wp\/v2\/types\/product"}],"wp:attachment":[{"href":"https:\/\/games.tactic.net\/no\/wp-json\/wp\/v2\/media?parent=1358031"}],"wp:term":[{"taxonomy":"product_brand","embeddable":true,"href":"https:\/\/games.tactic.net\/no\/wp-json\/wp\/v2\/product_brand?post=1358031"},{"taxonomy":"product_cat","embeddable":true,"href":"https:\/\/games.tactic.net\/no\/wp-json\/wp\/v2\/product_cat?post=1358031"},{"taxonomy":"product_tag","embeddable":true,"href":"https:\/\/games.tactic.net\/no\/wp-json\/wp\/v2\/product_tag?post=1358031"},{"taxonomy":"brand","embeddable":true,"href":"https:\/\/games.tactic.net\/no\/wp-json\/wp\/v2\/brand?post=1358031"},{"taxonomy":"target-group","embeddable":true,"href":"https:\/\/games.tactic.net\/no\/wp-json\/wp\/v2\/target-group?post=1358031"},{"taxonomy":"discontinued","embeddable":true,"href":"https:\/\/games.tactic.net\/no\/wp-json\/wp\/v2\/discontinued?post=1358031"}],"curies":[{"name":"wp","href":"https:\/\/api.w.org\/{rel}","templated":true}]}}