{"id":1358028,"date":"2023-12-20T13:41:22","date_gmt":"2023-12-20T11:41:22","guid":{"rendered":"https:\/\/games.tactic.net\/tuote\/peppa-gris-peppa-leker-gjemsel-fri\/"},"modified":"2023-12-20T13:41:22","modified_gmt":"2023-12-20T11:41:22","slug":"peppa-gris-peppa-leker-gjemsel-fri","status":"publish","type":"product","link":"https:\/\/games.tactic.net\/no\/tuote\/peppa-gris-peppa-leker-gjemsel-fri\/","title":{"rendered":"Peppa gris peppa leker gjemsel fri"},"content":{"rendered":"<p>Alle vennene til Peppa er borte, s\u00e5 hun har bestemt seg for \u00e5 finne ut hvor de er. Peppa vil leke gjemsel! N\u00e5 kan du hjelpe henne med \u00e5 lete etter Susi Sau, Emily Elefant og Fr\u00f8ken Kanin! Se bak de fargerike filtflappene og hjelp Peppa i leken.<\/p>\n","protected":false},"excerpt":{"rendered":"<p>Alle vennene til Peppa er borte, s\u00e5 hun har bestemt seg for \u00e5 finne ut hvor de er. Peppa vil leke gjemsel! N\u00e5 kan du hjelpe henne med \u00e5 lete etter Susi Sau, Emily Elefant og Fr\u00f8ken Kanin! Se bak de fargerike filtflappene og hjelp Peppa i leken.<\/p>\n","protected":false},"featured_media":0,"template":"","meta":{"content-type":"","_monsterinsights_skip_tracking":false,"_monsterinsights_sitenote_active":false,"_monsterinsights_sitenote_note":"","_monsterinsights_sitenote_category":0},"product_brand":[],"product_cat":[1698],"product_tag":[],"brand":[],"target-group":[],"discontinued":[],"class_list":{"0":"post-1358028","1":"product","2":"type-product","3":"status-publish","5":"product_cat-eventyr-og-billedboker","7":"first","8":"instock","9":"taxable","10":"shipping-taxable","11":"product-type-simple"},"aioseo_notices":[],"_links":{"self":[{"href":"https:\/\/games.tactic.net\/no\/wp-json\/wp\/v2\/product\/1358028","targetHints":{"allow":["GET"]}}],"collection":[{"href":"https:\/\/games.tactic.net\/no\/wp-json\/wp\/v2\/product"}],"about":[{"href":"https:\/\/games.tactic.net\/no\/wp-json\/wp\/v2\/types\/product"}],"wp:attachment":[{"href":"https:\/\/games.tactic.net\/no\/wp-json\/wp\/v2\/media?parent=1358028"}],"wp:term":[{"taxonomy":"product_brand","embeddable":true,"href":"https:\/\/games.tactic.net\/no\/wp-json\/wp\/v2\/product_brand?post=1358028"},{"taxonomy":"product_cat","embeddable":true,"href":"https:\/\/games.tactic.net\/no\/wp-json\/wp\/v2\/product_cat?post=1358028"},{"taxonomy":"product_tag","embeddable":true,"href":"https:\/\/games.tactic.net\/no\/wp-json\/wp\/v2\/product_tag?post=1358028"},{"taxonomy":"brand","embeddable":true,"href":"https:\/\/games.tactic.net\/no\/wp-json\/wp\/v2\/brand?post=1358028"},{"taxonomy":"target-group","embeddable":true,"href":"https:\/\/games.tactic.net\/no\/wp-json\/wp\/v2\/target-group?post=1358028"},{"taxonomy":"discontinued","embeddable":true,"href":"https:\/\/games.tactic.net\/no\/wp-json\/wp\/v2\/discontinued?post=1358028"}],"curies":[{"name":"wp","href":"https:\/\/api.w.org\/{rel}","templated":true}]}}