{"id":1358026,"date":"2023-12-20T13:40:54","date_gmt":"2023-12-20T11:40:54","guid":{"rendered":"https:\/\/games.tactic.net\/tuote\/her-er-fantus-fri\/"},"modified":"2023-12-20T13:40:54","modified_gmt":"2023-12-20T11:40:54","slug":"her-er-fantus-fri","status":"publish","type":"product","link":"https:\/\/games.tactic.net\/no\/tuote\/her-er-fantus-fri\/","title":{"rendered":"Her er fantus! Fri"},"content":{"rendered":"<p>F\u00f8lg Fantus gjennom en aktiv dag, fra morgen til kveld, gjennom spisetid, leketid inne og ute, badetid og leggetid. I denne solide kartongboken er det mange kjente ting \u00e5 peke p\u00e5, navngi og prate om. En morsom og l\u00e6rerik pekebok med klaffer p\u00e5 alle oppslag!<\/p>\n","protected":false},"excerpt":{"rendered":"<p>F\u00f8lg Fantus gjennom en aktiv dag, fra morgen til kveld, gjennom spisetid, leketid inne og ute, badetid og leggetid. I denne solide kartongboken er det mange kjente ting \u00e5 peke p\u00e5, navngi og prate om. En morsom og l\u00e6rerik pekebok med klaffer p\u00e5 alle oppslag!<\/p>\n","protected":false},"featured_media":0,"template":"","meta":{"content-type":"","_monsterinsights_skip_tracking":false,"_monsterinsights_sitenote_active":false,"_monsterinsights_sitenote_note":"","_monsterinsights_sitenote_category":0},"product_brand":[],"product_cat":[1698],"product_tag":[],"brand":[],"target-group":[],"discontinued":[],"class_list":{"0":"post-1358026","1":"product","2":"type-product","3":"status-publish","5":"product_cat-eventyr-og-billedboker","7":"first","8":"instock","9":"taxable","10":"shipping-taxable","11":"product-type-simple"},"aioseo_notices":[],"_links":{"self":[{"href":"https:\/\/games.tactic.net\/no\/wp-json\/wp\/v2\/product\/1358026","targetHints":{"allow":["GET"]}}],"collection":[{"href":"https:\/\/games.tactic.net\/no\/wp-json\/wp\/v2\/product"}],"about":[{"href":"https:\/\/games.tactic.net\/no\/wp-json\/wp\/v2\/types\/product"}],"wp:attachment":[{"href":"https:\/\/games.tactic.net\/no\/wp-json\/wp\/v2\/media?parent=1358026"}],"wp:term":[{"taxonomy":"product_brand","embeddable":true,"href":"https:\/\/games.tactic.net\/no\/wp-json\/wp\/v2\/product_brand?post=1358026"},{"taxonomy":"product_cat","embeddable":true,"href":"https:\/\/games.tactic.net\/no\/wp-json\/wp\/v2\/product_cat?post=1358026"},{"taxonomy":"product_tag","embeddable":true,"href":"https:\/\/games.tactic.net\/no\/wp-json\/wp\/v2\/product_tag?post=1358026"},{"taxonomy":"brand","embeddable":true,"href":"https:\/\/games.tactic.net\/no\/wp-json\/wp\/v2\/brand?post=1358026"},{"taxonomy":"target-group","embeddable":true,"href":"https:\/\/games.tactic.net\/no\/wp-json\/wp\/v2\/target-group?post=1358026"},{"taxonomy":"discontinued","embeddable":true,"href":"https:\/\/games.tactic.net\/no\/wp-json\/wp\/v2\/discontinued?post=1358026"}],"curies":[{"name":"wp","href":"https:\/\/api.w.org\/{rel}","templated":true}]}}