{"id":1358025,"date":"2023-12-20T13:40:46","date_gmt":"2023-12-20T11:40:46","guid":{"rendered":"https:\/\/games.tactic.net\/tuote\/fantus-og-maskinene-fri\/"},"modified":"2023-12-20T13:40:46","modified_gmt":"2023-12-20T11:40:46","slug":"fantus-og-maskinene-fri","status":"publish","type":"product","link":"https:\/\/games.tactic.net\/no\/tuote\/fantus-og-maskinene-fri\/","title":{"rendered":"Fantus og maskinene fri"},"content":{"rendered":"<p>Fantus utforsker store og t\u00f8ffe maskiner. B\u00e6 bu! Tut, tut! Vroooom! Hva gj\u00f8r en brannbil, traktor eller gravemaskin? Bli med Fantus og se hva maskinene gj\u00f8r og hvordan de ser ut.<\/p>\n","protected":false},"excerpt":{"rendered":"<p>Fantus utforsker store og t\u00f8ffe maskiner. B\u00e6 bu! Tut, tut! Vroooom! Hva gj\u00f8r en brannbil, traktor eller gravemaskin? Bli med Fantus og se hva maskinene gj\u00f8r og hvordan de ser ut.<\/p>\n","protected":false},"featured_media":0,"template":"","meta":{"content-type":"","_monsterinsights_skip_tracking":false,"_monsterinsights_sitenote_active":false,"_monsterinsights_sitenote_note":"","_monsterinsights_sitenote_category":0},"product_brand":[],"product_cat":[1698],"product_tag":[],"brand":[],"target-group":[],"discontinued":[],"class_list":{"0":"post-1358025","1":"product","2":"type-product","3":"status-publish","5":"product_cat-eventyr-og-billedboker","7":"first","8":"instock","9":"taxable","10":"shipping-taxable","11":"product-type-simple"},"aioseo_notices":[],"_links":{"self":[{"href":"https:\/\/games.tactic.net\/no\/wp-json\/wp\/v2\/product\/1358025","targetHints":{"allow":["GET"]}}],"collection":[{"href":"https:\/\/games.tactic.net\/no\/wp-json\/wp\/v2\/product"}],"about":[{"href":"https:\/\/games.tactic.net\/no\/wp-json\/wp\/v2\/types\/product"}],"wp:attachment":[{"href":"https:\/\/games.tactic.net\/no\/wp-json\/wp\/v2\/media?parent=1358025"}],"wp:term":[{"taxonomy":"product_brand","embeddable":true,"href":"https:\/\/games.tactic.net\/no\/wp-json\/wp\/v2\/product_brand?post=1358025"},{"taxonomy":"product_cat","embeddable":true,"href":"https:\/\/games.tactic.net\/no\/wp-json\/wp\/v2\/product_cat?post=1358025"},{"taxonomy":"product_tag","embeddable":true,"href":"https:\/\/games.tactic.net\/no\/wp-json\/wp\/v2\/product_tag?post=1358025"},{"taxonomy":"brand","embeddable":true,"href":"https:\/\/games.tactic.net\/no\/wp-json\/wp\/v2\/brand?post=1358025"},{"taxonomy":"target-group","embeddable":true,"href":"https:\/\/games.tactic.net\/no\/wp-json\/wp\/v2\/target-group?post=1358025"},{"taxonomy":"discontinued","embeddable":true,"href":"https:\/\/games.tactic.net\/no\/wp-json\/wp\/v2\/discontinued?post=1358025"}],"curies":[{"name":"wp","href":"https:\/\/api.w.org\/{rel}","templated":true}]}}