{"id":1358024,"date":"2023-12-20T13:40:21","date_gmt":"2023-12-20T11:40:21","guid":{"rendered":"https:\/\/games.tactic.net\/tuote\/fantorangen-gar-pa-ski-fri\/"},"modified":"2025-11-19T15:15:48","modified_gmt":"2025-11-19T13:15:48","slug":"fantorangen-gar-pa-ski-fri","status":"archive","type":"product","link":"https:\/\/games.tactic.net\/no\/tuote\/fantorangen-gar-pa-ski-fri\/","title":{"rendered":"Fantorangen g\u00e5r p\u00e5 ski fri"},"content":{"rendered":"<p>Fantorangen tar som vanlig en utfordring p\u00e5 strak arm, mens Pivi pr\u00f8ver seg litt forsiktig fram. Fantorangen og Pivi skal g\u00e5 p\u00e5 ski og Fantorangen er selvf\u00f8lgelig snabelklar! Fantorangen og Pivi legger ut p\u00e5 tur &#8211; bli med og se hva som skjer med de to vennene som har helt motsatt tiln\u00e6rmingsm\u00e5te til det meste!<\/p>\n","protected":false},"excerpt":{"rendered":"<p>Fantorangen tar som vanlig en utfordring p\u00e5 strak arm, mens Pivi pr\u00f8ver seg litt forsiktig fram. Fantorangen og Pivi skal g\u00e5 p\u00e5 ski og Fantorangen er selvf\u00f8lgelig snabelklar! Fantorangen og Pivi legger ut p\u00e5 tur &#8211; bli med og se hva som skjer med de to vennene som har helt motsatt tiln\u00e6rmingsm\u00e5te til det meste!<\/p>\n","protected":false},"featured_media":0,"template":"","meta":{"content-type":"","_monsterinsights_skip_tracking":false,"_monsterinsights_sitenote_active":false,"_monsterinsights_sitenote_note":"","_monsterinsights_sitenote_category":0},"product_brand":[],"product_cat":[1698],"product_tag":[],"brand":[],"target-group":[],"discontinued":[],"class_list":{"0":"post-1358024","1":"product","2":"type-product","3":"status-archive","5":"product_cat-eventyr-og-billedboker","7":"first","8":"outofstock","9":"taxable","10":"shipping-taxable","11":"product-type-simple"},"aioseo_notices":[],"_links":{"self":[{"href":"https:\/\/games.tactic.net\/no\/wp-json\/wp\/v2\/product\/1358024","targetHints":{"allow":["GET"]}}],"collection":[{"href":"https:\/\/games.tactic.net\/no\/wp-json\/wp\/v2\/product"}],"about":[{"href":"https:\/\/games.tactic.net\/no\/wp-json\/wp\/v2\/types\/product"}],"wp:attachment":[{"href":"https:\/\/games.tactic.net\/no\/wp-json\/wp\/v2\/media?parent=1358024"}],"wp:term":[{"taxonomy":"product_brand","embeddable":true,"href":"https:\/\/games.tactic.net\/no\/wp-json\/wp\/v2\/product_brand?post=1358024"},{"taxonomy":"product_cat","embeddable":true,"href":"https:\/\/games.tactic.net\/no\/wp-json\/wp\/v2\/product_cat?post=1358024"},{"taxonomy":"product_tag","embeddable":true,"href":"https:\/\/games.tactic.net\/no\/wp-json\/wp\/v2\/product_tag?post=1358024"},{"taxonomy":"brand","embeddable":true,"href":"https:\/\/games.tactic.net\/no\/wp-json\/wp\/v2\/brand?post=1358024"},{"taxonomy":"target-group","embeddable":true,"href":"https:\/\/games.tactic.net\/no\/wp-json\/wp\/v2\/target-group?post=1358024"},{"taxonomy":"discontinued","embeddable":true,"href":"https:\/\/games.tactic.net\/no\/wp-json\/wp\/v2\/discontinued?post=1358024"}],"curies":[{"name":"wp","href":"https:\/\/api.w.org\/{rel}","templated":true}]}}