{"id":1357982,"date":"2023-12-18T17:33:06","date_gmt":"2023-12-18T15:33:06","guid":{"rendered":"https:\/\/games.tactic.net\/tuote\/smart-games-snow-white\/"},"modified":"2023-12-18T17:33:06","modified_gmt":"2023-12-18T15:33:06","slug":"smart-games-snow-white","status":"publish","type":"product","link":"https:\/\/games.tactic.net\/no\/tuote\/smart-games-snow-white\/","title":{"rendered":"Snow White Deluxe"},"content":{"rendered":"<p>Hjelp Sn\u00f8hvit \u00e5 finne dvergene. Logikkspill med totalt 48 ulike utfordringer. Den ene (enklere) varianten er inne i huset, mens den andre og vanskeligere utgaven er ute. Det er kun \u00e9n l\u00f8sning til hver utfordring, og alle l\u00f8sningene finnes i det medf\u00f8lgende heftet.<\/p>\n","protected":false},"excerpt":{"rendered":"<p>Hjelp Sn\u00f8hvit \u00e5 finne dvergene. Logikkspill med totalt 48 ulike utfordringer. Den ene (enklere) varianten er inne i huset, mens den andre og vanskeligere utgaven er ute. Det er kun \u00e9n l\u00f8sning til hver utfordring, og alle l\u00f8sningene finnes i det medf\u00f8lgende heftet.<\/p>\n","protected":false},"featured_media":0,"template":"","meta":{"content-type":"","_monsterinsights_skip_tracking":false,"_monsterinsights_sitenote_active":false,"_monsterinsights_sitenote_note":"","_monsterinsights_sitenote_category":0},"product_brand":[],"product_cat":[1607,1456],"product_tag":[],"brand":[],"target-group":[],"discontinued":[],"class_list":{"0":"post-1357982","1":"product","2":"type-product","3":"status-publish","5":"product_cat-barnespill","6":"product_cat-strategispill-familiespill","8":"first","9":"instock","10":"taxable","11":"shipping-taxable","12":"product-type-simple"},"aioseo_notices":[],"_links":{"self":[{"href":"https:\/\/games.tactic.net\/no\/wp-json\/wp\/v2\/product\/1357982","targetHints":{"allow":["GET"]}}],"collection":[{"href":"https:\/\/games.tactic.net\/no\/wp-json\/wp\/v2\/product"}],"about":[{"href":"https:\/\/games.tactic.net\/no\/wp-json\/wp\/v2\/types\/product"}],"wp:attachment":[{"href":"https:\/\/games.tactic.net\/no\/wp-json\/wp\/v2\/media?parent=1357982"}],"wp:term":[{"taxonomy":"product_brand","embeddable":true,"href":"https:\/\/games.tactic.net\/no\/wp-json\/wp\/v2\/product_brand?post=1357982"},{"taxonomy":"product_cat","embeddable":true,"href":"https:\/\/games.tactic.net\/no\/wp-json\/wp\/v2\/product_cat?post=1357982"},{"taxonomy":"product_tag","embeddable":true,"href":"https:\/\/games.tactic.net\/no\/wp-json\/wp\/v2\/product_tag?post=1357982"},{"taxonomy":"brand","embeddable":true,"href":"https:\/\/games.tactic.net\/no\/wp-json\/wp\/v2\/brand?post=1357982"},{"taxonomy":"target-group","embeddable":true,"href":"https:\/\/games.tactic.net\/no\/wp-json\/wp\/v2\/target-group?post=1357982"},{"taxonomy":"discontinued","embeddable":true,"href":"https:\/\/games.tactic.net\/no\/wp-json\/wp\/v2\/discontinued?post=1357982"}],"curies":[{"name":"wp","href":"https:\/\/api.w.org\/{rel}","templated":true}]}}