{"id":1357980,"date":"2023-12-18T17:32:52","date_gmt":"2023-12-18T15:32:52","guid":{"rendered":"https:\/\/games.tactic.net\/tuote\/smart-games-plugplay-puzzler\/"},"modified":"2023-12-18T17:32:52","modified_gmt":"2023-12-18T15:32:52","slug":"smart-games-plugplay-puzzler","status":"archive","type":"product","link":"https:\/\/games.tactic.net\/no\/tuote\/smart-games-plugplay-puzzler\/","title":{"rendered":"Plug &#038; Play Puzzler"},"content":{"rendered":"<p>Ta klossen fra hverandre og fors\u00f8k \u00e5 sette den sammen igjen. H\u00f8res enkelt ut? Det er mer enn 50 m\u00e5ter \u00e5 sette den sammen igjen, og det \u00e5 finne den rette kan v\u00e6re vanskelig! 48 utfordringer fra enkel til ekspert<\/p>\n","protected":false},"excerpt":{"rendered":"<p>Ta klossen fra hverandre og fors\u00f8k \u00e5 sette den sammen igjen. H\u00f8res enkelt ut? Det er mer enn 50 m\u00e5ter \u00e5 sette den sammen igjen, og det \u00e5 finne den rette kan v\u00e6re vanskelig! 48 utfordringer fra enkel til ekspert<\/p>\n","protected":false},"featured_media":0,"template":"","meta":{"content-type":"","_monsterinsights_skip_tracking":false,"_monsterinsights_sitenote_active":false,"_monsterinsights_sitenote_note":"","_monsterinsights_sitenote_category":0},"product_brand":[],"product_cat":[1607,1456],"product_tag":[],"brand":[],"target-group":[],"discontinued":[],"class_list":{"0":"post-1357980","1":"product","2":"type-product","3":"status-archive","5":"product_cat-barnespill","6":"product_cat-strategispill-familiespill","8":"first","9":"instock","10":"taxable","11":"shipping-taxable","12":"product-type-simple"},"aioseo_notices":[],"_links":{"self":[{"href":"https:\/\/games.tactic.net\/no\/wp-json\/wp\/v2\/product\/1357980","targetHints":{"allow":["GET"]}}],"collection":[{"href":"https:\/\/games.tactic.net\/no\/wp-json\/wp\/v2\/product"}],"about":[{"href":"https:\/\/games.tactic.net\/no\/wp-json\/wp\/v2\/types\/product"}],"wp:attachment":[{"href":"https:\/\/games.tactic.net\/no\/wp-json\/wp\/v2\/media?parent=1357980"}],"wp:term":[{"taxonomy":"product_brand","embeddable":true,"href":"https:\/\/games.tactic.net\/no\/wp-json\/wp\/v2\/product_brand?post=1357980"},{"taxonomy":"product_cat","embeddable":true,"href":"https:\/\/games.tactic.net\/no\/wp-json\/wp\/v2\/product_cat?post=1357980"},{"taxonomy":"product_tag","embeddable":true,"href":"https:\/\/games.tactic.net\/no\/wp-json\/wp\/v2\/product_tag?post=1357980"},{"taxonomy":"brand","embeddable":true,"href":"https:\/\/games.tactic.net\/no\/wp-json\/wp\/v2\/brand?post=1357980"},{"taxonomy":"target-group","embeddable":true,"href":"https:\/\/games.tactic.net\/no\/wp-json\/wp\/v2\/target-group?post=1357980"},{"taxonomy":"discontinued","embeddable":true,"href":"https:\/\/games.tactic.net\/no\/wp-json\/wp\/v2\/discontinued?post=1357980"}],"curies":[{"name":"wp","href":"https:\/\/api.w.org\/{rel}","templated":true}]}}