{"id":1357960,"date":"2023-12-18T17:30:11","date_gmt":"2023-12-18T15:30:11","guid":{"rendered":"https:\/\/games.tactic.net\/tuote\/brain-train\/"},"modified":"2023-12-18T17:30:11","modified_gmt":"2023-12-18T15:30:11","slug":"brain-train","status":"publish","type":"product","link":"https:\/\/games.tactic.net\/no\/tuote\/brain-train\/","title":{"rendered":"Brain Train"},"content":{"rendered":"<p>Alle om bord! Oppgavene g\u00e5r ut p\u00e5 \u00e5 finne riktig form p\u00e5 klossene og plassere dem i riktig rekkef\u00f8lge. Noen av klossene er koblet sammen. 48 oppgaver og l\u00f8sninger.<\/p>\n","protected":false},"excerpt":{"rendered":"<p><\/p>\n","protected":false},"featured_media":0,"template":"","meta":{"content-type":"","_monsterinsights_skip_tracking":false,"_monsterinsights_sitenote_active":false,"_monsterinsights_sitenote_note":"","_monsterinsights_sitenote_category":0},"product_brand":[],"product_cat":[1607,1456],"product_tag":[],"brand":[],"target-group":[],"discontinued":[],"class_list":{"0":"post-1357960","1":"product","2":"type-product","3":"status-publish","5":"product_cat-barnespill","6":"product_cat-strategispill-familiespill","8":"first","9":"instock","10":"taxable","11":"shipping-taxable","12":"product-type-simple"},"aioseo_notices":[],"_links":{"self":[{"href":"https:\/\/games.tactic.net\/no\/wp-json\/wp\/v2\/product\/1357960","targetHints":{"allow":["GET"]}}],"collection":[{"href":"https:\/\/games.tactic.net\/no\/wp-json\/wp\/v2\/product"}],"about":[{"href":"https:\/\/games.tactic.net\/no\/wp-json\/wp\/v2\/types\/product"}],"wp:attachment":[{"href":"https:\/\/games.tactic.net\/no\/wp-json\/wp\/v2\/media?parent=1357960"}],"wp:term":[{"taxonomy":"product_brand","embeddable":true,"href":"https:\/\/games.tactic.net\/no\/wp-json\/wp\/v2\/product_brand?post=1357960"},{"taxonomy":"product_cat","embeddable":true,"href":"https:\/\/games.tactic.net\/no\/wp-json\/wp\/v2\/product_cat?post=1357960"},{"taxonomy":"product_tag","embeddable":true,"href":"https:\/\/games.tactic.net\/no\/wp-json\/wp\/v2\/product_tag?post=1357960"},{"taxonomy":"brand","embeddable":true,"href":"https:\/\/games.tactic.net\/no\/wp-json\/wp\/v2\/brand?post=1357960"},{"taxonomy":"target-group","embeddable":true,"href":"https:\/\/games.tactic.net\/no\/wp-json\/wp\/v2\/target-group?post=1357960"},{"taxonomy":"discontinued","embeddable":true,"href":"https:\/\/games.tactic.net\/no\/wp-json\/wp\/v2\/discontinued?post=1357960"}],"curies":[{"name":"wp","href":"https:\/\/api.w.org\/{rel}","templated":true}]}}