{"id":1357959,"date":"2023-12-18T17:30:04","date_gmt":"2023-12-18T15:30:04","guid":{"rendered":"https:\/\/games.tactic.net\/tuote\/smart-games-apple-twist\/"},"modified":"2023-12-18T17:30:04","modified_gmt":"2023-12-18T15:30:04","slug":"smart-games-apple-twist","status":"publish","type":"product","link":"https:\/\/games.tactic.net\/no\/tuote\/smart-games-apple-twist\/","title":{"rendered":"Apple Twist"},"content":{"rendered":"<p>F\u00e5 orden p\u00e5 larvene! 3 sultne larver vil spise fra det samme eple. Kan du b\u00f8ye dem i riktig form slik at de alle passer p\u00e5 eplet? 60 oppgaver fra lett til ekspert.<\/p>\n","protected":false},"excerpt":{"rendered":"<p>F\u00e5 orden p\u00e5 larvene! 3 sultne larver vil spise fra det samme eple. Kan du b\u00f8ye dem i riktig form slik at de alle passer p\u00e5 eplet? 60 oppgaver fra lett til ekspert.<\/p>\n","protected":false},"featured_media":0,"template":"","meta":{"content-type":"","_monsterinsights_skip_tracking":false,"_monsterinsights_sitenote_active":false,"_monsterinsights_sitenote_note":"","_monsterinsights_sitenote_category":0},"product_brand":[],"product_cat":[1607,1456],"product_tag":[],"brand":[],"target-group":[],"discontinued":[],"class_list":{"0":"post-1357959","1":"product","2":"type-product","3":"status-publish","5":"product_cat-barnespill","6":"product_cat-strategispill-familiespill","8":"first","9":"instock","10":"taxable","11":"shipping-taxable","12":"product-type-simple"},"aioseo_notices":[],"_links":{"self":[{"href":"https:\/\/games.tactic.net\/no\/wp-json\/wp\/v2\/product\/1357959","targetHints":{"allow":["GET"]}}],"collection":[{"href":"https:\/\/games.tactic.net\/no\/wp-json\/wp\/v2\/product"}],"about":[{"href":"https:\/\/games.tactic.net\/no\/wp-json\/wp\/v2\/types\/product"}],"wp:attachment":[{"href":"https:\/\/games.tactic.net\/no\/wp-json\/wp\/v2\/media?parent=1357959"}],"wp:term":[{"taxonomy":"product_brand","embeddable":true,"href":"https:\/\/games.tactic.net\/no\/wp-json\/wp\/v2\/product_brand?post=1357959"},{"taxonomy":"product_cat","embeddable":true,"href":"https:\/\/games.tactic.net\/no\/wp-json\/wp\/v2\/product_cat?post=1357959"},{"taxonomy":"product_tag","embeddable":true,"href":"https:\/\/games.tactic.net\/no\/wp-json\/wp\/v2\/product_tag?post=1357959"},{"taxonomy":"brand","embeddable":true,"href":"https:\/\/games.tactic.net\/no\/wp-json\/wp\/v2\/brand?post=1357959"},{"taxonomy":"target-group","embeddable":true,"href":"https:\/\/games.tactic.net\/no\/wp-json\/wp\/v2\/target-group?post=1357959"},{"taxonomy":"discontinued","embeddable":true,"href":"https:\/\/games.tactic.net\/no\/wp-json\/wp\/v2\/discontinued?post=1357959"}],"curies":[{"name":"wp","href":"https:\/\/api.w.org\/{rel}","templated":true}]}}