{"id":1357920,"date":"2023-12-15T13:19:05","date_gmt":"2023-12-15T11:19:05","guid":{"rendered":"https:\/\/games.tactic.net\/tuote\/fargeblyanter-12-tynn\/"},"modified":"2023-12-15T13:19:05","modified_gmt":"2023-12-15T11:19:05","slug":"fargeblyanter-12-tynn","status":"publish","type":"product","link":"https:\/\/games.tactic.net\/no\/tuote\/fargeblyanter-12-tynn\/","title":{"rendered":"Fargeblyanter 12 tynn"},"content":{"rendered":"<p>Penol fargeblyanter er beregnet p\u00e5 barn. Blyantene har rene klare farger. De finnes i flere varianter for b\u00e5de sm\u00e5 og store barn. Fargeblyantene er trekantet og gir et godt ergonomisk grep.<\/p>\n","protected":false},"excerpt":{"rendered":"<p>Penol fargeblyanter er beregnet p\u00e5 barn. Blyantene har rene klare farger. De finnes i flere varianter for b\u00e5de sm\u00e5 og store barn. Fargeblyantene er trekantet og gir et godt ergonomisk grep.<\/p>\n","protected":false},"featured_media":0,"template":"","meta":{"content-type":"","_monsterinsights_skip_tracking":false,"_monsterinsights_sitenote_active":false,"_monsterinsights_sitenote_note":"","_monsterinsights_sitenote_category":0},"product_brand":[],"product_cat":[2229],"product_tag":[],"brand":[],"target-group":[],"discontinued":[],"class_list":{"0":"post-1357920","1":"product","2":"type-product","3":"status-publish","5":"product_cat-fargelegge","7":"first","8":"instock","9":"taxable","10":"shipping-taxable","11":"product-type-simple"},"aioseo_notices":[],"_links":{"self":[{"href":"https:\/\/games.tactic.net\/no\/wp-json\/wp\/v2\/product\/1357920","targetHints":{"allow":["GET"]}}],"collection":[{"href":"https:\/\/games.tactic.net\/no\/wp-json\/wp\/v2\/product"}],"about":[{"href":"https:\/\/games.tactic.net\/no\/wp-json\/wp\/v2\/types\/product"}],"wp:attachment":[{"href":"https:\/\/games.tactic.net\/no\/wp-json\/wp\/v2\/media?parent=1357920"}],"wp:term":[{"taxonomy":"product_brand","embeddable":true,"href":"https:\/\/games.tactic.net\/no\/wp-json\/wp\/v2\/product_brand?post=1357920"},{"taxonomy":"product_cat","embeddable":true,"href":"https:\/\/games.tactic.net\/no\/wp-json\/wp\/v2\/product_cat?post=1357920"},{"taxonomy":"product_tag","embeddable":true,"href":"https:\/\/games.tactic.net\/no\/wp-json\/wp\/v2\/product_tag?post=1357920"},{"taxonomy":"brand","embeddable":true,"href":"https:\/\/games.tactic.net\/no\/wp-json\/wp\/v2\/brand?post=1357920"},{"taxonomy":"target-group","embeddable":true,"href":"https:\/\/games.tactic.net\/no\/wp-json\/wp\/v2\/target-group?post=1357920"},{"taxonomy":"discontinued","embeddable":true,"href":"https:\/\/games.tactic.net\/no\/wp-json\/wp\/v2\/discontinued?post=1357920"}],"curies":[{"name":"wp","href":"https:\/\/api.w.org\/{rel}","templated":true}]}}