{"id":1357910,"date":"2023-12-15T13:17:05","date_gmt":"2023-12-15T11:17:05","guid":{"rendered":"https:\/\/games.tactic.net\/tuote\/maleskrin-53-farger-future-artists\/"},"modified":"2023-12-15T13:17:05","modified_gmt":"2023-12-15T11:17:05","slug":"maleskrin-53-farger-future-artists","status":"publish","type":"product","link":"https:\/\/games.tactic.net\/no\/tuote\/maleskrin-53-farger-future-artists\/","title":{"rendered":"Maleskrin 53 farger future artists"},"content":{"rendered":"<p>Maleskrin inkl. pensel med 53 delikate farger i ulike st\u00f8rrelser inkl. pensel. Maleskrinet kommer med plastlokk slik at du kan trygt og enkelt kan legge det vekk n\u00e5r du er ferdig. Vannfargene er giftfrie. Fargene kan fjernes med vann og s\u00e5pe.<\/p>\n","protected":false},"excerpt":{"rendered":"<p>Maleskrin inkl. pensel med 53 delikate farger i ulike st\u00f8rrelser inkl. pensel. Maleskrinet kommer med plastlokk slik at du kan trygt og enkelt kan legge det vekk n\u00e5r du er ferdig. Vannfargene er giftfrie. Fargene kan fjernes med vann og s\u00e5pe.<\/p>\n","protected":false},"featured_media":0,"template":"","meta":{"content-type":"","_monsterinsights_skip_tracking":false,"_monsterinsights_sitenote_active":false,"_monsterinsights_sitenote_note":"","_monsterinsights_sitenote_category":0},"product_brand":[],"product_cat":[2229],"product_tag":[],"brand":[],"target-group":[],"discontinued":[],"class_list":{"0":"post-1357910","1":"product","2":"type-product","3":"status-publish","5":"product_cat-fargelegge","7":"first","8":"instock","9":"taxable","10":"shipping-taxable","11":"product-type-simple"},"aioseo_notices":[],"_links":{"self":[{"href":"https:\/\/games.tactic.net\/no\/wp-json\/wp\/v2\/product\/1357910","targetHints":{"allow":["GET"]}}],"collection":[{"href":"https:\/\/games.tactic.net\/no\/wp-json\/wp\/v2\/product"}],"about":[{"href":"https:\/\/games.tactic.net\/no\/wp-json\/wp\/v2\/types\/product"}],"wp:attachment":[{"href":"https:\/\/games.tactic.net\/no\/wp-json\/wp\/v2\/media?parent=1357910"}],"wp:term":[{"taxonomy":"product_brand","embeddable":true,"href":"https:\/\/games.tactic.net\/no\/wp-json\/wp\/v2\/product_brand?post=1357910"},{"taxonomy":"product_cat","embeddable":true,"href":"https:\/\/games.tactic.net\/no\/wp-json\/wp\/v2\/product_cat?post=1357910"},{"taxonomy":"product_tag","embeddable":true,"href":"https:\/\/games.tactic.net\/no\/wp-json\/wp\/v2\/product_tag?post=1357910"},{"taxonomy":"brand","embeddable":true,"href":"https:\/\/games.tactic.net\/no\/wp-json\/wp\/v2\/brand?post=1357910"},{"taxonomy":"target-group","embeddable":true,"href":"https:\/\/games.tactic.net\/no\/wp-json\/wp\/v2\/target-group?post=1357910"},{"taxonomy":"discontinued","embeddable":true,"href":"https:\/\/games.tactic.net\/no\/wp-json\/wp\/v2\/discontinued?post=1357910"}],"curies":[{"name":"wp","href":"https:\/\/api.w.org\/{rel}","templated":true}]}}