{"id":1357900,"date":"2023-12-15T13:15:23","date_gmt":"2023-12-15T11:15:23","guid":{"rendered":"https:\/\/games.tactic.net\/tuote\/penol-jumbo-13mm-sort-trykkbl\/"},"modified":"2023-12-15T13:15:23","modified_gmt":"2023-12-15T11:15:23","slug":"penol-jumbo-13mm-sort-trykkbl","status":"publish","type":"product","link":"https:\/\/games.tactic.net\/no\/tuote\/penol-jumbo-13mm-sort-trykkbl\/","title":{"rendered":"Jumbo 1,3mm sort trykkbl"},"content":{"rendered":"<p>Ekstra sterke blyminer som ikke knekker. Passer perfekt til b\u00e5de sm\u00e5 og store hender. Ergonomisk gummigrep. Med stort viskel\u00e6r som skrus ut.<\/p>\n","protected":false},"excerpt":{"rendered":"<p>Ekstra sterke blyminer som ikke knekker. Passer perfekt til b\u00e5de sm\u00e5 og store hender. Ergonomisk gummigrep. Med stort viskel\u00e6r som skrus ut.<\/p>\n","protected":false},"featured_media":720681,"template":"","meta":{"content-type":"","_monsterinsights_skip_tracking":false,"_monsterinsights_sitenote_active":false,"_monsterinsights_sitenote_note":"","_monsterinsights_sitenote_category":0},"product_brand":[],"product_cat":[2130],"product_tag":[],"brand":[],"target-group":[],"discontinued":[],"class_list":{"0":"post-1357900","1":"product","2":"type-product","3":"status-publish","4":"has-post-thumbnail","6":"product_cat-skrive","8":"first","9":"instock","10":"taxable","11":"shipping-taxable","12":"product-type-simple"},"aioseo_notices":[],"_links":{"self":[{"href":"https:\/\/games.tactic.net\/no\/wp-json\/wp\/v2\/product\/1357900","targetHints":{"allow":["GET"]}}],"collection":[{"href":"https:\/\/games.tactic.net\/no\/wp-json\/wp\/v2\/product"}],"about":[{"href":"https:\/\/games.tactic.net\/no\/wp-json\/wp\/v2\/types\/product"}],"wp:featuredmedia":[{"embeddable":true,"href":"https:\/\/games.tactic.net\/no\/wp-json\/wp\/v2\/media\/720681"}],"wp:attachment":[{"href":"https:\/\/games.tactic.net\/no\/wp-json\/wp\/v2\/media?parent=1357900"}],"wp:term":[{"taxonomy":"product_brand","embeddable":true,"href":"https:\/\/games.tactic.net\/no\/wp-json\/wp\/v2\/product_brand?post=1357900"},{"taxonomy":"product_cat","embeddable":true,"href":"https:\/\/games.tactic.net\/no\/wp-json\/wp\/v2\/product_cat?post=1357900"},{"taxonomy":"product_tag","embeddable":true,"href":"https:\/\/games.tactic.net\/no\/wp-json\/wp\/v2\/product_tag?post=1357900"},{"taxonomy":"brand","embeddable":true,"href":"https:\/\/games.tactic.net\/no\/wp-json\/wp\/v2\/brand?post=1357900"},{"taxonomy":"target-group","embeddable":true,"href":"https:\/\/games.tactic.net\/no\/wp-json\/wp\/v2\/target-group?post=1357900"},{"taxonomy":"discontinued","embeddable":true,"href":"https:\/\/games.tactic.net\/no\/wp-json\/wp\/v2\/discontinued?post=1357900"}],"curies":[{"name":"wp","href":"https:\/\/api.w.org\/{rel}","templated":true}]}}