{"id":1357888,"date":"2023-12-15T13:13:43","date_gmt":"2023-12-15T11:13:43","guid":{"rendered":"https:\/\/games.tactic.net\/tuote\/penol-777-bla-tusjpenn\/"},"modified":"2023-12-15T13:13:43","modified_gmt":"2023-12-15T11:13:43","slug":"penol-777-bla-tusjpenn","status":"publish","type":"product","link":"https:\/\/games.tactic.net\/no\/tuote\/penol-777-bla-tusjpenn\/","title":{"rendered":"777 bl\u00e5 tusjpenn"},"content":{"rendered":"<p>Penol merketusjer har permanent, vannfast blekk og skriver p\u00e5 plast, papir, metall, tekstiler, stein, tre m.m. Alle tusjene er utstyrt med en type sikkerhetshette, som gj\u00f8r at pennen ikke triller. Strekbredde 1 mm.<\/p>\n","protected":false},"excerpt":{"rendered":"<p>Penol merketusjer har permanent, vannfast blekk og skriver p\u00e5 plast, papir, metall, tekstiler, stein, tre m.m. Alle tusjene er utstyrt med en type sikkerhetshette, som gj\u00f8r at pennen ikke triller. Strekbredde 1 mm.<\/p>\n","protected":false},"featured_media":0,"template":"","meta":{"content-type":"","_monsterinsights_skip_tracking":false,"_monsterinsights_sitenote_active":false,"_monsterinsights_sitenote_note":"","_monsterinsights_sitenote_category":0},"product_brand":[],"product_cat":[2130],"product_tag":[],"brand":[],"target-group":[],"discontinued":[],"class_list":{"0":"post-1357888","1":"product","2":"type-product","3":"status-publish","5":"product_cat-skrive","7":"first","8":"instock","9":"taxable","10":"shipping-taxable","11":"product-type-simple"},"aioseo_notices":[],"_links":{"self":[{"href":"https:\/\/games.tactic.net\/no\/wp-json\/wp\/v2\/product\/1357888","targetHints":{"allow":["GET"]}}],"collection":[{"href":"https:\/\/games.tactic.net\/no\/wp-json\/wp\/v2\/product"}],"about":[{"href":"https:\/\/games.tactic.net\/no\/wp-json\/wp\/v2\/types\/product"}],"wp:attachment":[{"href":"https:\/\/games.tactic.net\/no\/wp-json\/wp\/v2\/media?parent=1357888"}],"wp:term":[{"taxonomy":"product_brand","embeddable":true,"href":"https:\/\/games.tactic.net\/no\/wp-json\/wp\/v2\/product_brand?post=1357888"},{"taxonomy":"product_cat","embeddable":true,"href":"https:\/\/games.tactic.net\/no\/wp-json\/wp\/v2\/product_cat?post=1357888"},{"taxonomy":"product_tag","embeddable":true,"href":"https:\/\/games.tactic.net\/no\/wp-json\/wp\/v2\/product_tag?post=1357888"},{"taxonomy":"brand","embeddable":true,"href":"https:\/\/games.tactic.net\/no\/wp-json\/wp\/v2\/brand?post=1357888"},{"taxonomy":"target-group","embeddable":true,"href":"https:\/\/games.tactic.net\/no\/wp-json\/wp\/v2\/target-group?post=1357888"},{"taxonomy":"discontinued","embeddable":true,"href":"https:\/\/games.tactic.net\/no\/wp-json\/wp\/v2\/discontinued?post=1357888"}],"curies":[{"name":"wp","href":"https:\/\/api.w.org\/{rel}","templated":true}]}}