{"id":1357868,"date":"2023-12-15T12:08:00","date_gmt":"2023-12-15T10:08:00","guid":{"rendered":"https:\/\/games.tactic.net\/tuote\/penol-850-whiteboard-sort-2-5\/"},"modified":"2023-12-15T12:08:00","modified_gmt":"2023-12-15T10:08:00","slug":"penol-850-whiteboard-sort-2-5","status":"publish","type":"product","link":"https:\/\/games.tactic.net\/no\/tuote\/penol-850-whiteboard-sort-2-5\/","title":{"rendered":"850 whiteboard sort 2-5"},"content":{"rendered":"<p>Penol Whiteboard markers er svanemerket. T\u00f8rkes av med t\u00f8rr klut og kan brukes p\u00e5 ikke-por\u00f8se overflater som whiteboard og glass. Chisel\/skr\u00e5 spiss 2-5 mm.<\/p>\n","protected":false},"excerpt":{"rendered":"<p>Penol Whiteboard markers er svanemerket. T\u00f8rkes av med t\u00f8rr klut og kan brukes p\u00e5 ikke-por\u00f8se overflater som whiteboard og glass. Chisel\/skr\u00e5 spiss 2-5 mm.<\/p>\n","protected":false},"featured_media":0,"template":"","meta":{"content-type":"","_monsterinsights_skip_tracking":false,"_monsterinsights_sitenote_active":false,"_monsterinsights_sitenote_note":"","_monsterinsights_sitenote_category":0},"product_brand":[],"product_cat":[2130],"product_tag":[],"brand":[],"target-group":[],"discontinued":[],"class_list":{"0":"post-1357868","1":"product","2":"type-product","3":"status-publish","5":"product_cat-skrive","7":"first","8":"outofstock","9":"taxable","10":"shipping-taxable","11":"product-type-simple"},"aioseo_notices":[],"_links":{"self":[{"href":"https:\/\/games.tactic.net\/no\/wp-json\/wp\/v2\/product\/1357868","targetHints":{"allow":["GET"]}}],"collection":[{"href":"https:\/\/games.tactic.net\/no\/wp-json\/wp\/v2\/product"}],"about":[{"href":"https:\/\/games.tactic.net\/no\/wp-json\/wp\/v2\/types\/product"}],"wp:attachment":[{"href":"https:\/\/games.tactic.net\/no\/wp-json\/wp\/v2\/media?parent=1357868"}],"wp:term":[{"taxonomy":"product_brand","embeddable":true,"href":"https:\/\/games.tactic.net\/no\/wp-json\/wp\/v2\/product_brand?post=1357868"},{"taxonomy":"product_cat","embeddable":true,"href":"https:\/\/games.tactic.net\/no\/wp-json\/wp\/v2\/product_cat?post=1357868"},{"taxonomy":"product_tag","embeddable":true,"href":"https:\/\/games.tactic.net\/no\/wp-json\/wp\/v2\/product_tag?post=1357868"},{"taxonomy":"brand","embeddable":true,"href":"https:\/\/games.tactic.net\/no\/wp-json\/wp\/v2\/brand?post=1357868"},{"taxonomy":"target-group","embeddable":true,"href":"https:\/\/games.tactic.net\/no\/wp-json\/wp\/v2\/target-group?post=1357868"},{"taxonomy":"discontinued","embeddable":true,"href":"https:\/\/games.tactic.net\/no\/wp-json\/wp\/v2\/discontinued?post=1357868"}],"curies":[{"name":"wp","href":"https:\/\/api.w.org\/{rel}","templated":true}]}}