{"id":1356470,"date":"2023-11-29T11:07:30","date_gmt":"2023-11-29T09:07:30","guid":{"rendered":"https:\/\/games.tactic.net\/tuote\/smart-games-iq-puzzler-pro-xxl\/"},"modified":"2023-11-29T11:07:30","modified_gmt":"2023-11-29T09:07:30","slug":"smart-games-iq-puzzler-pro-xxl","status":"publish","type":"product","link":"https:\/\/games.tactic.net\/no\/tuote\/smart-games-iq-puzzler-pro-xxl\/","title":{"rendered":"IQ Puzzler Pro XXL"},"content":{"rendered":"<p>IQ Puzzler Pro XXL er den nye versjonen av v\u00e5rt bestselgende IQ Puzzler Pro-spill, men \u00e5tte ganger st\u00f8rre. Inkluderer 68 ekstra utfordringer i 2D, 3D og diagonal i tillegg til de 120 i det originale spillet. <\/p>\n","protected":false},"excerpt":{"rendered":"<p>IQ Puzzler Pro XXL er den nye versjonen av v\u00e5rt bestselgende IQ Puzzler Pro-spill, men \u00e5tte ganger st\u00f8rre. Inkluderer 68 ekstra utfordringer i 2D, 3D og diagonal i tillegg til de 120 i det originale spillet.<\/p>\n","protected":false},"featured_media":0,"template":"","meta":{"content-type":"","_monsterinsights_skip_tracking":false,"_monsterinsights_sitenote_active":false,"_monsterinsights_sitenote_note":"","_monsterinsights_sitenote_category":0},"product_brand":[],"product_cat":[1607,1456],"product_tag":[],"brand":[],"target-group":[],"discontinued":[],"class_list":{"0":"post-1356470","1":"product","2":"type-product","3":"status-publish","5":"product_cat-barnespill","6":"product_cat-strategispill-familiespill","8":"first","9":"instock","10":"taxable","11":"shipping-taxable","12":"product-type-simple"},"aioseo_notices":[],"_links":{"self":[{"href":"https:\/\/games.tactic.net\/no\/wp-json\/wp\/v2\/product\/1356470","targetHints":{"allow":["GET"]}}],"collection":[{"href":"https:\/\/games.tactic.net\/no\/wp-json\/wp\/v2\/product"}],"about":[{"href":"https:\/\/games.tactic.net\/no\/wp-json\/wp\/v2\/types\/product"}],"wp:attachment":[{"href":"https:\/\/games.tactic.net\/no\/wp-json\/wp\/v2\/media?parent=1356470"}],"wp:term":[{"taxonomy":"product_brand","embeddable":true,"href":"https:\/\/games.tactic.net\/no\/wp-json\/wp\/v2\/product_brand?post=1356470"},{"taxonomy":"product_cat","embeddable":true,"href":"https:\/\/games.tactic.net\/no\/wp-json\/wp\/v2\/product_cat?post=1356470"},{"taxonomy":"product_tag","embeddable":true,"href":"https:\/\/games.tactic.net\/no\/wp-json\/wp\/v2\/product_tag?post=1356470"},{"taxonomy":"brand","embeddable":true,"href":"https:\/\/games.tactic.net\/no\/wp-json\/wp\/v2\/brand?post=1356470"},{"taxonomy":"target-group","embeddable":true,"href":"https:\/\/games.tactic.net\/no\/wp-json\/wp\/v2\/target-group?post=1356470"},{"taxonomy":"discontinued","embeddable":true,"href":"https:\/\/games.tactic.net\/no\/wp-json\/wp\/v2\/discontinued?post=1356470"}],"curies":[{"name":"wp","href":"https:\/\/api.w.org\/{rel}","templated":true}]}}