{"id":1342104,"date":"2023-10-27T12:08:22","date_gmt":"2023-10-27T09:08:22","guid":{"rendered":"https:\/\/games.tactic.net\/tuote\/bworld-konstruksjonssett\/"},"modified":"2023-10-27T12:08:22","modified_gmt":"2023-10-27T09:08:22","slug":"bworld-konstruksjonssett","status":"publish","type":"product","link":"https:\/\/games.tactic.net\/no\/tuote\/bworld-konstruksjonssett\/","title":{"rendered":"bworld Konstruksjonssett"},"content":{"rendered":"<p>bworld-konstruksjonssettet fungerer som et kontaktpunkt for et stort antall kj\u00f8ret\u00f8y fra BRUDERs enorme temaverdener innen konstruksjon og nyttekj\u00f8ret\u00f8y. Dette temasettet lar sm\u00e5 bygningsarbeidere realistisk gjenskape et bredt spekter av byggeplassscener. Byggegjerder sikrer byggeplassomr\u00e5det. Leveringsomfanget inkluderer ogs\u00e5 en vibrasjonsplate og en m\u00f8rtelblandemaskin for anleggsarbeid. Det f\u00f8lger naturligvis ogs\u00e5 med et mobilt toalett for bygningsarbeiderens personlige behov.<\/p>\n","protected":false},"excerpt":{"rendered":"<p>Bruder<\/p>\n","protected":false},"featured_media":0,"template":"","meta":{"content-type":"","_monsterinsights_skip_tracking":false,"_monsterinsights_sitenote_active":false,"_monsterinsights_sitenote_note":"","_monsterinsights_sitenote_category":0},"product_brand":[],"product_cat":[1705],"product_tag":[],"brand":[],"target-group":[],"discontinued":[],"class_list":{"0":"post-1342104","1":"product","2":"type-product","3":"status-publish","5":"product_cat-bruder-leker","7":"first","8":"outofstock","9":"taxable","10":"shipping-taxable","11":"product-type-simple"},"aioseo_notices":[],"_links":{"self":[{"href":"https:\/\/games.tactic.net\/no\/wp-json\/wp\/v2\/product\/1342104","targetHints":{"allow":["GET"]}}],"collection":[{"href":"https:\/\/games.tactic.net\/no\/wp-json\/wp\/v2\/product"}],"about":[{"href":"https:\/\/games.tactic.net\/no\/wp-json\/wp\/v2\/types\/product"}],"wp:attachment":[{"href":"https:\/\/games.tactic.net\/no\/wp-json\/wp\/v2\/media?parent=1342104"}],"wp:term":[{"taxonomy":"product_brand","embeddable":true,"href":"https:\/\/games.tactic.net\/no\/wp-json\/wp\/v2\/product_brand?post=1342104"},{"taxonomy":"product_cat","embeddable":true,"href":"https:\/\/games.tactic.net\/no\/wp-json\/wp\/v2\/product_cat?post=1342104"},{"taxonomy":"product_tag","embeddable":true,"href":"https:\/\/games.tactic.net\/no\/wp-json\/wp\/v2\/product_tag?post=1342104"},{"taxonomy":"brand","embeddable":true,"href":"https:\/\/games.tactic.net\/no\/wp-json\/wp\/v2\/brand?post=1342104"},{"taxonomy":"target-group","embeddable":true,"href":"https:\/\/games.tactic.net\/no\/wp-json\/wp\/v2\/target-group?post=1342104"},{"taxonomy":"discontinued","embeddable":true,"href":"https:\/\/games.tactic.net\/no\/wp-json\/wp\/v2\/discontinued?post=1342104"}],"curies":[{"name":"wp","href":"https:\/\/api.w.org\/{rel}","templated":true}]}}