{"id":1342100,"date":"2023-10-27T11:30:09","date_gmt":"2023-10-27T08:30:09","guid":{"rendered":"https:\/\/games.tactic.net\/tuote\/vi-laerer-oss-klokken\/"},"modified":"2024-01-23T11:18:50","modified_gmt":"2024-01-23T09:18:50","slug":"vi-laerer-oss-klokken","status":"publish","type":"product","link":"https:\/\/games.tactic.net\/no\/tuote\/vi-laerer-oss-klokken\/","title":{"rendered":"Vi l\u00e6rer oss Klokken"},"content":{"rendered":"<p>Med en rekke morsomme \u00f8velser l\u00e6rer du \u00e5 forst\u00e5 tid og se hva klokka er. Takket v\u00e6re den utviskbare pennen kan<br \/>\ndu \u00f8ve igjen og igjen!<\/p>\n","protected":false},"excerpt":{"rendered":"<p>Med en rekke morsomme \u00f8velser l\u00e6rer du \u00e5 forst\u00e5 tid og se hva klokka er. Takket v\u00e6re den utviskbare pennen kan du \u00f8ve igjen og igjen!<\/p>\n","protected":false},"featured_media":0,"template":"","meta":{"content-type":"","_monsterinsights_skip_tracking":false,"_monsterinsights_sitenote_active":false,"_monsterinsights_sitenote_note":"","_monsterinsights_sitenote_category":0},"product_brand":[],"product_cat":[2026],"product_tag":[],"brand":[],"target-group":[],"discontinued":[],"class_list":{"0":"post-1342100","1":"product","2":"type-product","3":"status-publish","5":"product_cat-aktivitetsboker","7":"first","8":"instock","9":"taxable","10":"shipping-taxable","11":"product-type-simple"},"aioseo_notices":[],"_links":{"self":[{"href":"https:\/\/games.tactic.net\/no\/wp-json\/wp\/v2\/product\/1342100","targetHints":{"allow":["GET"]}}],"collection":[{"href":"https:\/\/games.tactic.net\/no\/wp-json\/wp\/v2\/product"}],"about":[{"href":"https:\/\/games.tactic.net\/no\/wp-json\/wp\/v2\/types\/product"}],"wp:attachment":[{"href":"https:\/\/games.tactic.net\/no\/wp-json\/wp\/v2\/media?parent=1342100"}],"wp:term":[{"taxonomy":"product_brand","embeddable":true,"href":"https:\/\/games.tactic.net\/no\/wp-json\/wp\/v2\/product_brand?post=1342100"},{"taxonomy":"product_cat","embeddable":true,"href":"https:\/\/games.tactic.net\/no\/wp-json\/wp\/v2\/product_cat?post=1342100"},{"taxonomy":"product_tag","embeddable":true,"href":"https:\/\/games.tactic.net\/no\/wp-json\/wp\/v2\/product_tag?post=1342100"},{"taxonomy":"brand","embeddable":true,"href":"https:\/\/games.tactic.net\/no\/wp-json\/wp\/v2\/brand?post=1342100"},{"taxonomy":"target-group","embeddable":true,"href":"https:\/\/games.tactic.net\/no\/wp-json\/wp\/v2\/target-group?post=1342100"},{"taxonomy":"discontinued","embeddable":true,"href":"https:\/\/games.tactic.net\/no\/wp-json\/wp\/v2\/discontinued?post=1342100"}],"curies":[{"name":"wp","href":"https:\/\/api.w.org\/{rel}","templated":true}]}}