{"id":117157,"date":"2021-07-29T17:49:37","date_gmt":"2021-07-29T14:49:37","guid":{"rendered":"http:\/\/dev.tactic.net\/tuote\/cat-catsy-mini\/"},"modified":"2023-10-20T10:21:40","modified_gmt":"2023-10-20T07:21:40","slug":"cat-catsy-mini","status":"publish","type":"product","link":"https:\/\/games.tactic.net\/no\/tuote\/cat-catsy-mini\/","title":{"rendered":"Lumo Stars Cat Catsy mini plush"},"content":{"rendered":"<p>Mini 8,5 cm. Samlebar baby dyr plysj. Glad, huggable, vennlig, snill og s\u00f8t. Vi smiler mer! S\u00f8t plysjsamling i Northern Brights er basert p\u00e5 den ekte nordiske naturen og dyrelivet. Finsk design. Mjau Mjau! Hvordan har du det i dag? Jeg har det bra n\u00e5 som jeg har m\u00f8tt deg. www.lumostars.com<\/p>\n","protected":false},"excerpt":{"rendered":"<p>Mini 8,5 cm.<\/p>\n","protected":false},"featured_media":0,"template":"","meta":{"content-type":"","_monsterinsights_skip_tracking":false,"_monsterinsights_sitenote_active":false,"_monsterinsights_sitenote_note":"","_monsterinsights_sitenote_category":0},"product_brand":[],"product_cat":[1680],"product_tag":[1258],"brand":[{"id":1019,"name":"Lumo Stars","slug":"lumo-stars_no"}],"target-group":[],"discontinued":[],"class_list":{"0":"post-117157","1":"product","2":"type-product","3":"status-publish","5":"product_cat-mini-plysj-kosedyr","6":"product_tag-lumo-stars-no","7":"brand-lumo-stars_no","9":"first","10":"instock","11":"taxable","12":"shipping-taxable","13":"product-type-simple"},"aioseo_notices":[],"_links":{"self":[{"href":"https:\/\/games.tactic.net\/no\/wp-json\/wp\/v2\/product\/117157","targetHints":{"allow":["GET"]}}],"collection":[{"href":"https:\/\/games.tactic.net\/no\/wp-json\/wp\/v2\/product"}],"about":[{"href":"https:\/\/games.tactic.net\/no\/wp-json\/wp\/v2\/types\/product"}],"wp:attachment":[{"href":"https:\/\/games.tactic.net\/no\/wp-json\/wp\/v2\/media?parent=117157"}],"wp:term":[{"taxonomy":"product_brand","embeddable":true,"href":"https:\/\/games.tactic.net\/no\/wp-json\/wp\/v2\/product_brand?post=117157"},{"taxonomy":"product_cat","embeddable":true,"href":"https:\/\/games.tactic.net\/no\/wp-json\/wp\/v2\/product_cat?post=117157"},{"taxonomy":"product_tag","embeddable":true,"href":"https:\/\/games.tactic.net\/no\/wp-json\/wp\/v2\/product_tag?post=117157"},{"taxonomy":"brand","embeddable":true,"href":"https:\/\/games.tactic.net\/no\/wp-json\/wp\/v2\/brand?post=117157"},{"taxonomy":"target-group","embeddable":true,"href":"https:\/\/games.tactic.net\/no\/wp-json\/wp\/v2\/target-group?post=117157"},{"taxonomy":"discontinued","embeddable":true,"href":"https:\/\/games.tactic.net\/no\/wp-json\/wp\/v2\/discontinued?post=117157"}],"curies":[{"name":"wp","href":"https:\/\/api.w.org\/{rel}","templated":true}]}}