{"id":111187,"date":"2021-07-16T16:57:29","date_gmt":"2021-07-16T13:57:29","guid":{"rendered":"http:\/\/dev.tactic.net\/tuote\/snowy-owl-lappi-mini\/"},"modified":"2022-07-27T13:48:54","modified_gmt":"2022-07-27T10:48:54","slug":"snowy-owl-lappi-mini","status":"archive","type":"product","link":"https:\/\/games.tactic.net\/no\/tuote\/snowy-owl-lappi-mini\/","title":{"rendered":"Snowy Owl Lappi &#8211; mini"},"content":{"rendered":"<div>\n<div>\n<div>Mini 8,5 cm.<\/div>\n<div><\/div>\n<div>Samlebar baby dyr plysj. Glad, huggable, vennlig, snill og s\u00f8t. Vi smiler mer! S\u00f8t plysjsamling i Northern Brights er basert p\u00e5 den ekte nordiske naturen og dyrelivet. Finsk design.<\/div>\n<div><i><br \/><\/i><\/div>\n<div><i>*Uhuuu!* Jeg bor i Lappland i n\u00e6rheten av julenissen, og noen ganger hjelper jeg ham ogs\u00e5!<\/i><\/div>\n<\/div>\n<div><\/div>\n<\/div>\n<div><a href=\"http:\/\/www.lumostars.com\/\" target=\"blank\" rel=\"noopener\">www.lumostars.com<\/a><\/div>\n<p style=\"margin-bottom: 0px;font-size: 12px;line-height: normal;font-family: Arial\"><\/p>\n<p style=\"margin-bottom: 0px;font-size: 12px;line-height: normal;font-family: Arial\"><i><br \/><\/i><\/p>\n","protected":false},"excerpt":{"rendered":"<div>\n<div>Mini 8,5 cm.<\/div>\n<div><\/div>\n<div><\/div>\n<\/div>\n<div><\/div>\n","protected":false},"featured_media":0,"template":"","meta":{"content-type":"","_monsterinsights_skip_tracking":false,"_monsterinsights_sitenote_active":false,"_monsterinsights_sitenote_note":"","_monsterinsights_sitenote_category":0},"product_brand":[],"product_cat":[1680],"product_tag":[1258],"brand":[{"id":1019,"name":"Lumo Stars","slug":"lumo-stars_no"}],"target-group":[],"discontinued":[],"class_list":{"0":"post-111187","1":"product","2":"type-product","3":"status-archive","5":"product_cat-mini-plysj-kosedyr","6":"product_tag-lumo-stars-no","7":"brand-lumo-stars_no","9":"first","10":"outofstock","11":"taxable","12":"shipping-taxable","13":"product-type-simple"},"aioseo_notices":[],"_links":{"self":[{"href":"https:\/\/games.tactic.net\/no\/wp-json\/wp\/v2\/product\/111187","targetHints":{"allow":["GET"]}}],"collection":[{"href":"https:\/\/games.tactic.net\/no\/wp-json\/wp\/v2\/product"}],"about":[{"href":"https:\/\/games.tactic.net\/no\/wp-json\/wp\/v2\/types\/product"}],"wp:attachment":[{"href":"https:\/\/games.tactic.net\/no\/wp-json\/wp\/v2\/media?parent=111187"}],"wp:term":[{"taxonomy":"product_brand","embeddable":true,"href":"https:\/\/games.tactic.net\/no\/wp-json\/wp\/v2\/product_brand?post=111187"},{"taxonomy":"product_cat","embeddable":true,"href":"https:\/\/games.tactic.net\/no\/wp-json\/wp\/v2\/product_cat?post=111187"},{"taxonomy":"product_tag","embeddable":true,"href":"https:\/\/games.tactic.net\/no\/wp-json\/wp\/v2\/product_tag?post=111187"},{"taxonomy":"brand","embeddable":true,"href":"https:\/\/games.tactic.net\/no\/wp-json\/wp\/v2\/brand?post=111187"},{"taxonomy":"target-group","embeddable":true,"href":"https:\/\/games.tactic.net\/no\/wp-json\/wp\/v2\/target-group?post=111187"},{"taxonomy":"discontinued","embeddable":true,"href":"https:\/\/games.tactic.net\/no\/wp-json\/wp\/v2\/discontinued?post=111187"}],"curies":[{"name":"wp","href":"https:\/\/api.w.org\/{rel}","templated":true}]}}