{"id":105937,"date":"2021-07-01T16:19:56","date_gmt":"2021-07-01T13:19:56","guid":{"rendered":"https:\/\/dev.tactic.net\/tuote\/active-play-bonneposespill\/"},"modified":"2023-10-17T19:32:15","modified_gmt":"2023-10-17T16:32:15","slug":"active-play-bonneposespill","status":"publish","type":"product","link":"https:\/\/games.tactic.net\/no\/tuote\/active-play-bonneposespill\/","title":{"rendered":"Active Play B\u00f8nneposespill"},"content":{"rendered":"<p>Kast b\u00f8nneposene p\u00e5 brettene, og saml flest poeng! Hvis du klarer \u00e5 kaste b\u00f8nneposene gjennom hullet p\u00e5 brettet, f\u00e5r du flere poeng!<br \/>\nPopul\u00e6rt utend\u00f8rsspill fra USA.<br \/>\nReglene er enkle \u00e5 f\u00f8lge.<\/p>\n","protected":false},"excerpt":{"rendered":"<p>Kast b\u00f8nneposene p\u00e5 brettene, og saml flest poeng! Hvis du klarer \u00e5 kaste b\u00f8nneposene gjennom hullet p\u00e5 brettet, f\u00e5r du flere poeng!<\/p>\n","protected":false},"featured_media":0,"template":"","meta":{"content-type":"","_monsterinsights_skip_tracking":false,"_monsterinsights_sitenote_active":false,"_monsterinsights_sitenote_note":"","_monsterinsights_sitenote_category":0},"product_brand":[],"product_cat":[1695,1656],"product_tag":[1251,1221],"brand":[],"target-group":[],"discontinued":[],"class_list":{"0":"post-105937","1":"product","2":"type-product","3":"status-publish","5":"product_cat-active-play-utespill-og-leker-2","6":"product_cat-active-play-barnespill","7":"product_tag-ferdighet-no","8":"product_tag-funksjon-no","10":"first","11":"instock","12":"taxable","13":"shipping-taxable","14":"product-type-simple"},"aioseo_notices":[],"_links":{"self":[{"href":"https:\/\/games.tactic.net\/no\/wp-json\/wp\/v2\/product\/105937","targetHints":{"allow":["GET"]}}],"collection":[{"href":"https:\/\/games.tactic.net\/no\/wp-json\/wp\/v2\/product"}],"about":[{"href":"https:\/\/games.tactic.net\/no\/wp-json\/wp\/v2\/types\/product"}],"wp:attachment":[{"href":"https:\/\/games.tactic.net\/no\/wp-json\/wp\/v2\/media?parent=105937"}],"wp:term":[{"taxonomy":"product_brand","embeddable":true,"href":"https:\/\/games.tactic.net\/no\/wp-json\/wp\/v2\/product_brand?post=105937"},{"taxonomy":"product_cat","embeddable":true,"href":"https:\/\/games.tactic.net\/no\/wp-json\/wp\/v2\/product_cat?post=105937"},{"taxonomy":"product_tag","embeddable":true,"href":"https:\/\/games.tactic.net\/no\/wp-json\/wp\/v2\/product_tag?post=105937"},{"taxonomy":"brand","embeddable":true,"href":"https:\/\/games.tactic.net\/no\/wp-json\/wp\/v2\/brand?post=105937"},{"taxonomy":"target-group","embeddable":true,"href":"https:\/\/games.tactic.net\/no\/wp-json\/wp\/v2\/target-group?post=105937"},{"taxonomy":"discontinued","embeddable":true,"href":"https:\/\/games.tactic.net\/no\/wp-json\/wp\/v2\/discontinued?post=105937"}],"curies":[{"name":"wp","href":"https:\/\/api.w.org\/{rel}","templated":true}]}}